{"id":9767,"date":"2017-08-07T00:00:00","date_gmt":"2017-08-07T00:00:00","guid":{"rendered":"https:\/\/promz.be\/product\/des-reflecteurs-de-rayon-geniaux-pour-velo\/"},"modified":"2018-07-18T08:35:46","modified_gmt":"2018-07-18T08:35:46","slug":"des-reflecteurs-de-rayon-geniaux-pour-velo","status":"publish","type":"product","link":"https:\/\/promz.be\/fr\/product\/des-reflecteurs-de-rayon-geniaux-pour-velo\/","title":{"rendered":"Des r\u00e9flecteurs de rayon g\u00e9niaux pour v\u00e9lo"},"content":{"rendered":"<p>(prix par 750 pi\u00e8ces)<\/p>\n<p>Avec les jours qui maintenant commencent \u00e0 raccourcir, les enfants doivent souvent se rendre \u00e0 l&#8217;\u00e9cole dans la p\u00e9nombre, tout comme nous au travail. <strong>&#038;Ecirc,tre bien vu est donc litt\u00e9ralement d&#8217;une importance vitale.<\/strong>Ces r\u00e9flecteurs de rayon 3M se montent tr\u00e8s facilement sur n&#8217;importe quel v\u00e9lo sans outil et <strong>assurent une visibilit\u00e9 \u00e0 360&#038;deg, unique brevet\u00e9e dans l&#8217;obscurit\u00e9. Astucieux et terriblement efficace.<\/strong><\/p>\n<p>Pour un usage promotionnel, nous avons cr\u00e9\u00e9 un ensemble de 2 r\u00e9flecteurs pr\u00e9sent\u00e9s sur une carte, le tout emball\u00e9 dans un poly bag. <strong>Ce qui vous permettra de donner en m&#038;ecirc,me temps pas mal d&#8217;infos. <\/strong>Offrez \u00e0 vos relations et collaborateurs un cadeau d&#8217;affaires qui leur garantira une s\u00e9curit\u00e9 accrue dans le trafic.<strong>L&#8217;impression de votre message en quadri des 2 c\u00f4t\u00e9s est m&#038;ecirc,me incluse dans le prix <\/strong>(\u00e0 l&#8217;exception des 70 euros de frais techniques). Adapt\u00e9 pour des rayons ayant un diam\u00e8tre entre 1,8 et 2 mm. Fabriqu\u00e9 en mat\u00e9riau hautement r\u00e9fl\u00e9chissant 3M. D&#8217;autres conditionnements contenant plus de r\u00e9flecteurs sont \u00e9galement possibles. Contactez-nous pour plus d&#8217;informations.<\/p>\n","protected":false},"excerpt":{"rendered":"<p>(prix par 750 pi\u00e8ces)<\/p>\n<p>Avec les jours qui maintenant commencent \u00e0 raccourcir, les enfants doivent souvent se rendre \u00e0 l&#8217;\u00e9cole dans la p\u00e9nombre, tout comme nous au travail. <strong>&#038;Ecirc,tre bien vu est donc litt\u00e9ralement d&#8217;une importance vitale.<\/strong>Ces r\u00e9flecteurs de rayon 3M se montent tr\u00e8s facilement sur n&#8217;importe quel v\u00e9lo sans outil et <strong>assurent une visibilit\u00e9 \u00e0 360&#038;deg, unique brevet\u00e9e dans l&#8217;obscurit\u00e9. Astucieux et terriblement efficace.<\/strong><\/p>\n<p>Pour un usage promotionnel, nous avons cr\u00e9\u00e9 un ensemble de 2 r\u00e9flecteurs pr\u00e9sent\u00e9s sur une carte, le tout emball\u00e9 dans un poly bag. <strong>Ce qui vous permettra de donner en m&#038;ecirc,me temps pas mal d&#8217;infos. <\/strong>Offrez \u00e0 vos relations et collaborateurs un cadeau d&#8217;affaires qui leur garantira une s\u00e9curit\u00e9 accrue dans le trafic.<strong>L&#8217;impression de votre message en quadri des 2 c\u00f4t\u00e9s est m&#038;ecirc,me incluse dans le prix <\/strong>(\u00e0 l&#8217;exception des 70 euros de frais techniques). Adapt\u00e9 pour des rayons ayant un diam\u00e8tre entre 1,8 et 2 mm. Fabriqu\u00e9 en mat\u00e9riau hautement r\u00e9fl\u00e9chissant 3M. D&#8217;autres conditionnements contenant plus de r\u00e9flecteurs sont \u00e9galement possibles. Contactez-nous pour plus d&#8217;informations.<\/p>\n<p> [&#8230;]<\/p>\n<p><a class=\"btn btn-secondary understrap-read-more-link\" href=\"https:\/\/promz.be\/fr\/product\/des-reflecteurs-de-rayon-geniaux-pour-velo\/\">Lire la suite&#8230;<\/a><\/p>\n","protected":false},"featured_media":7819,"comment_status":"closed","ping_status":"open","template":"","meta":[],"product_cat":[8745],"product_tag":[],"_links":{"self":[{"href":"https:\/\/promz.be\/fr\/wp-json\/wp\/v2\/product\/9767"}],"collection":[{"href":"https:\/\/promz.be\/fr\/wp-json\/wp\/v2\/product"}],"about":[{"href":"https:\/\/promz.be\/fr\/wp-json\/wp\/v2\/types\/product"}],"replies":[{"embeddable":true,"href":"https:\/\/promz.be\/fr\/wp-json\/wp\/v2\/comments?post=9767"}],"wp:featuredmedia":[{"embeddable":true,"href":"https:\/\/promz.be\/fr\/wp-json\/wp\/v2\/media\/7819"}],"wp:attachment":[{"href":"https:\/\/promz.be\/fr\/wp-json\/wp\/v2\/media?parent=9767"}],"wp:term":[{"taxonomy":"product_cat","embeddable":true,"href":"https:\/\/promz.be\/fr\/wp-json\/wp\/v2\/product_cat?post=9767"},{"taxonomy":"product_tag","embeddable":true,"href":"https:\/\/promz.be\/fr\/wp-json\/wp\/v2\/product_tag?post=9767"}],"curies":[{"name":"wp","href":"https:\/\/api.w.org\/{rel}","templated":true}]}}