{"id":9769,"date":"2018-05-03T00:00:00","date_gmt":"2018-05-03T00:00:00","guid":{"rendered":"https:\/\/promz.be\/product\/sherlock\/"},"modified":"2018-07-18T08:35:47","modified_gmt":"2018-07-18T08:35:47","slug":"sherlock","status":"publish","type":"product","link":"https:\/\/promz.be\/fr\/product\/sherlock\/","title":{"rendered":"Sherlock"},"content":{"rendered":"<p>( Prix de d\u00e9part)<br \/>\n&nbsp;<\/p>\n<h3>Description<\/h3>\n<p> 4.0 (basse \u00e9nergie) \u00e9tanche. Ce produit a 6 fonctions : 1- trace et piste, suivez \u00e0 la trace l&#8217;emplacement du module 2- d\u00e9clencheur et t\u00e9l\u00e9commande de votre appareil photo \u00e0 distance 3- alarme anti-lost, quand le module sort de la zone de rayonnement (35 m) une alarme se d\u00e9clenche 4- appuyez sur le module pour retrouver votre t\u00e9l\u00e9phone 5- historique de localisation si connexion perdue, une \u00e9pingle apparaitra sur la carte 6- \u00e9tanche, vous ne devez pas vous inqui\u00e9ter si l&#8217;environnement est soumis \u00e0 l&#8217;eau. Compatible IOS 7.0 &#038; plus ou Android 4.3 &#038; plus. T\u00e9l\u00e9chargez l&#8217;App gratuite \u00ab Easykeyfinder \u00bb et jumelez votre t\u00e9l\u00e9phone et le traceur. Anneau porte-cl\u00e9s inclus.<\/p>\n<p>Quantit\u00e9 Minimale: 50 (imprim\u00e9: 100)<\/p>\n<p><a href=\"https:\/\/www.pascogifts.com\/fr\/sherlock\" target=\"_blank\">Voir le produit du fournisseur<\/a><\/p>\n","protected":false},"excerpt":{"rendered":"<p>( Prix de d\u00e9part)<br \/>\n&nbsp;<\/p>\n<h3>Description<\/h3>\n<p> 4.0 (basse \u00e9nergie) \u00e9tanche. Ce produit a 6 fonctions : 1- trace et piste, suivez \u00e0 la trace l&#8217;emplacement du module 2- d\u00e9clencheur et t\u00e9l\u00e9commande de votre appareil photo \u00e0 distance 3- alarme anti-lost, quand le module sort de la zone de rayonnement (35 m) une alarme se d\u00e9clenche 4- appuyez sur le module pour retrouver votre t\u00e9l\u00e9phone 5- historique de localisation si connexion perdue, une \u00e9pingle apparaitra sur la carte 6- \u00e9tanche, vous ne devez pas vous inqui\u00e9ter si l&#8217;environnement est soumis \u00e0 l&#8217;eau. Compatible IOS 7.0 &#038; plus ou Android 4.3 &#038; plus. T\u00e9l\u00e9chargez l&#8217;App gratuite \u00ab Easykeyfinder \u00bb et jumelez votre t\u00e9l\u00e9phone et le traceur. Anneau porte-cl\u00e9s inclus.<\/p>\n<p>Quantit\u00e9 Minimale: 50 (imprim\u00e9: 100)<\/p>\n<p><a href=\"https:\/\/www.pascogifts.com\/fr\/sherlock\" target=\"_blank\">Voir le produit du fournisseur<\/a> [&#8230;]<\/p>\n<p><a class=\"btn btn-secondary understrap-read-more-link\" href=\"https:\/\/promz.be\/fr\/product\/sherlock\/\">Lire la suite&#8230;<\/a><\/p>\n","protected":false},"featured_media":8966,"comment_status":"closed","ping_status":"open","template":"","meta":[],"product_cat":[948,1018],"product_tag":[1294,3284,3285,3286,3287,1060],"_links":{"self":[{"href":"https:\/\/promz.be\/fr\/wp-json\/wp\/v2\/product\/9769"}],"collection":[{"href":"https:\/\/promz.be\/fr\/wp-json\/wp\/v2\/product"}],"about":[{"href":"https:\/\/promz.be\/fr\/wp-json\/wp\/v2\/types\/product"}],"replies":[{"embeddable":true,"href":"https:\/\/promz.be\/fr\/wp-json\/wp\/v2\/comments?post=9769"}],"wp:featuredmedia":[{"embeddable":true,"href":"https:\/\/promz.be\/fr\/wp-json\/wp\/v2\/media\/8966"}],"wp:attachment":[{"href":"https:\/\/promz.be\/fr\/wp-json\/wp\/v2\/media?parent=9769"}],"wp:term":[{"taxonomy":"product_cat","embeddable":true,"href":"https:\/\/promz.be\/fr\/wp-json\/wp\/v2\/product_cat?post=9769"},{"taxonomy":"product_tag","embeddable":true,"href":"https:\/\/promz.be\/fr\/wp-json\/wp\/v2\/product_tag?post=9769"}],"curies":[{"name":"wp","href":"https:\/\/api.w.org\/{rel}","templated":true}]}}