{"id":9770,"date":"2018-01-26T00:00:00","date_gmt":"2018-01-26T00:00:00","guid":{"rendered":"https:\/\/promz.be\/product\/montre-de-suivi-dactivite\/"},"modified":"2018-07-18T08:35:48","modified_gmt":"2018-07-18T08:35:48","slug":"montre-de-suivi-dactivite","status":"publish","type":"product","link":"https:\/\/promz.be\/fr\/product\/montre-de-suivi-dactivite\/","title":{"rendered":"Montre de suivi d&#8217;activit\u00e9"},"content":{"rendered":"<p>( Prix de d\u00e9part)<br \/>\n&nbsp;<\/p>\n<h3>Description<\/h3>\n<ul>\n<ul>\n<li>Cette montre de suivi d&#8217;activit\u00e9 vous permet de surveiller vos activit\u00e9s pendant la journ\u00e9e.<\/li>\n<li>Elle mesure la distance, le nombre de pas, les calories br\u00fbl\u00e9es et les habitudes de sommeil.<\/li>\n<li>Application gratuite disponible pour iOS et Android.<\/li>\n<li>Quantit\u00e9 Minimale: 5 (imprim\u00e9: 10)<\/li>\n<\/ul>\n<\/ul>\n","protected":false},"excerpt":{"rendered":"<p>( Prix de d\u00e9part)<br \/>\n&nbsp;<\/p>\n<h3>Description<\/h3>\n<ul>\n<ul>\n<li>Cette montre de suivi d&#8217;activit\u00e9 vous permet de surveiller vos activit\u00e9s pendant la journ\u00e9e.<\/li>\n<li>Elle mesure la distance, le nombre de pas, les calories br\u00fbl\u00e9es et les habitudes de sommeil.<\/li>\n<li>Application gratuite disponible pour iOS et Android.<\/li>\n<li>Quantit\u00e9 Minimale: 5 (imprim\u00e9: 10)<\/li>\n<\/ul>\n<\/ul>\n<p> [&#8230;]<\/p>\n<p><a class=\"btn btn-secondary understrap-read-more-link\" href=\"https:\/\/promz.be\/fr\/product\/montre-de-suivi-dactivite\/\">Lire la suite&#8230;<\/a><\/p>\n","protected":false},"featured_media":9771,"comment_status":"closed","ping_status":"open","template":"","meta":[],"product_cat":[8745],"product_tag":[3290,3291,3292,1294,1060],"_links":{"self":[{"href":"https:\/\/promz.be\/fr\/wp-json\/wp\/v2\/product\/9770"}],"collection":[{"href":"https:\/\/promz.be\/fr\/wp-json\/wp\/v2\/product"}],"about":[{"href":"https:\/\/promz.be\/fr\/wp-json\/wp\/v2\/types\/product"}],"replies":[{"embeddable":true,"href":"https:\/\/promz.be\/fr\/wp-json\/wp\/v2\/comments?post=9770"}],"wp:featuredmedia":[{"embeddable":true,"href":"https:\/\/promz.be\/fr\/wp-json\/wp\/v2\/media\/9771"}],"wp:attachment":[{"href":"https:\/\/promz.be\/fr\/wp-json\/wp\/v2\/media?parent=9770"}],"wp:term":[{"taxonomy":"product_cat","embeddable":true,"href":"https:\/\/promz.be\/fr\/wp-json\/wp\/v2\/product_cat?post=9770"},{"taxonomy":"product_tag","embeddable":true,"href":"https:\/\/promz.be\/fr\/wp-json\/wp\/v2\/product_tag?post=9770"}],"curies":[{"name":"wp","href":"https:\/\/api.w.org\/{rel}","templated":true}]}}