{"id":9775,"date":"2017-07-04T00:00:00","date_gmt":"2017-07-04T00:00:00","guid":{"rendered":"https:\/\/promz.be\/product\/batterie-de-secours-dash\/"},"modified":"2018-07-18T08:35:48","modified_gmt":"2018-07-18T08:35:48","slug":"batterie-de-secours-dash","status":"publish","type":"product","link":"https:\/\/promz.be\/fr\/product\/batterie-de-secours-dash\/","title":{"rendered":"Batterie de secours Dash"},"content":{"rendered":"<p>( Prix de d\u00e9part)<br \/>\n&nbsp;<\/p>\n<h3>Description<\/h3>\n<p>Batterie de secours 2200mAh Dash. La capacit\u00e9 du chargeur de 2200 mAh offre suffisamment de puissance pour charger un appareil mobile. La batterie se charge en 2 heures \u00e0 l&#8217;aide du c\u00e2ble USB fourni. Le voyant est rouge lors de la charge, \u00e9teint lorsque la batterie est charg\u00e9e et bleu lorsqu&#8217;elle est enti\u00e8rement d\u00e9charg\u00e9e. Pr\u00e9sentation dans une bo\u00eete carton blanche. Plastique ABS et PC. \u00d8 2,5 x 9 cm.<\/p>\n<p>Quantit\u00e9 Minimale: 10 (imprim\u00e9: 25)<\/p>\n","protected":false},"excerpt":{"rendered":"<p>( Prix de d\u00e9part)<br \/>\n&nbsp;<\/p>\n<h3>Description<\/h3>\n<p>Batterie de secours 2200mAh Dash. La capacit\u00e9 du chargeur de 2200 mAh offre suffisamment de puissance pour charger un appareil mobile. La batterie se charge en 2 heures \u00e0 l&#8217;aide du c\u00e2ble USB fourni. Le voyant est rouge lors de la charge, \u00e9teint lorsque la batterie est charg\u00e9e et bleu lorsqu&#8217;elle est enti\u00e8rement d\u00e9charg\u00e9e. Pr\u00e9sentation dans une bo\u00eete carton blanche. Plastique ABS et PC. \u00d8 2,5 x 9 cm.<\/p>\n<p>Quantit\u00e9 Minimale: 10 (imprim\u00e9: 25) [&#8230;]<\/p>\n<p><a class=\"btn btn-secondary understrap-read-more-link\" href=\"https:\/\/promz.be\/fr\/product\/batterie-de-secours-dash\/\">Lire la suite&#8230;<\/a><\/p>\n","protected":false},"featured_media":9776,"comment_status":"closed","ping_status":"open","template":"","meta":[],"product_cat":[8745],"product_tag":[1294,6149,3294,2594,3295,1060],"_links":{"self":[{"href":"https:\/\/promz.be\/fr\/wp-json\/wp\/v2\/product\/9775"}],"collection":[{"href":"https:\/\/promz.be\/fr\/wp-json\/wp\/v2\/product"}],"about":[{"href":"https:\/\/promz.be\/fr\/wp-json\/wp\/v2\/types\/product"}],"replies":[{"embeddable":true,"href":"https:\/\/promz.be\/fr\/wp-json\/wp\/v2\/comments?post=9775"}],"wp:featuredmedia":[{"embeddable":true,"href":"https:\/\/promz.be\/fr\/wp-json\/wp\/v2\/media\/9776"}],"wp:attachment":[{"href":"https:\/\/promz.be\/fr\/wp-json\/wp\/v2\/media?parent=9775"}],"wp:term":[{"taxonomy":"product_cat","embeddable":true,"href":"https:\/\/promz.be\/fr\/wp-json\/wp\/v2\/product_cat?post=9775"},{"taxonomy":"product_tag","embeddable":true,"href":"https:\/\/promz.be\/fr\/wp-json\/wp\/v2\/product_tag?post=9775"}],"curies":[{"name":"wp","href":"https:\/\/api.w.org\/{rel}","templated":true}]}}