{"id":9781,"date":"2018-02-27T00:00:00","date_gmt":"2018-02-27T00:00:00","guid":{"rendered":"https:\/\/promz.be\/product\/gilet-de-securite-jaune-avec-etui\/"},"modified":"2018-07-18T08:35:49","modified_gmt":"2018-07-18T08:35:49","slug":"gilet-de-securite-jaune-avec-etui","status":"publish","type":"product","link":"https:\/\/promz.be\/fr\/product\/gilet-de-securite-jaune-avec-etui\/","title":{"rendered":"Gilet de s\u00e9curit\u00e9 jaune avec \u00e9tui"},"content":{"rendered":"<p>(Prix de d\u00e9part)<br \/>\n&nbsp;<\/p>\n<h3>Description<\/h3>\n<p>Gilet de s\u00e9curit\u00e9 jaune avec \u00e9tui. Conforme \u00e0 la norme EN471.<\/p>\n<p>Quantit\u00e9 minimale: 10 (imprim\u00e9: 25)<\/p>\n","protected":false},"excerpt":{"rendered":"<p>(Prix de d\u00e9part)<br \/>\n&nbsp;<\/p>\n<h3>Description<\/h3>\n<p>Gilet de s\u00e9curit\u00e9 jaune avec \u00e9tui. Conforme \u00e0 la norme EN471.<\/p>\n<p>Quantit\u00e9 minimale: 10 (imprim\u00e9: 25) [&#8230;]<\/p>\n<p><a class=\"btn btn-secondary understrap-read-more-link\" href=\"https:\/\/promz.be\/fr\/product\/gilet-de-securite-jaune-avec-etui\/\">Lire la suite&#8230;<\/a><\/p>\n","protected":false},"featured_media":9782,"comment_status":"closed","ping_status":"open","template":"","meta":[],"product_cat":[8745],"product_tag":[3304,3305,3306,1294,1060],"_links":{"self":[{"href":"https:\/\/promz.be\/fr\/wp-json\/wp\/v2\/product\/9781"}],"collection":[{"href":"https:\/\/promz.be\/fr\/wp-json\/wp\/v2\/product"}],"about":[{"href":"https:\/\/promz.be\/fr\/wp-json\/wp\/v2\/types\/product"}],"replies":[{"embeddable":true,"href":"https:\/\/promz.be\/fr\/wp-json\/wp\/v2\/comments?post=9781"}],"wp:featuredmedia":[{"embeddable":true,"href":"https:\/\/promz.be\/fr\/wp-json\/wp\/v2\/media\/9782"}],"wp:attachment":[{"href":"https:\/\/promz.be\/fr\/wp-json\/wp\/v2\/media?parent=9781"}],"wp:term":[{"taxonomy":"product_cat","embeddable":true,"href":"https:\/\/promz.be\/fr\/wp-json\/wp\/v2\/product_cat?post=9781"},{"taxonomy":"product_tag","embeddable":true,"href":"https:\/\/promz.be\/fr\/wp-json\/wp\/v2\/product_tag?post=9781"}],"curies":[{"name":"wp","href":"https:\/\/api.w.org\/{rel}","templated":true}]}}