{"id":9784,"date":"2016-12-20T00:00:00","date_gmt":"2016-12-20T00:00:00","guid":{"rendered":"https:\/\/promz.be\/product\/mug-double-epaisseur\/"},"modified":"2016-12-20T00:00:00","modified_gmt":"2016-12-20T00:00:00","slug":"mug-double-epaisseur","status":"publish","type":"product","link":"https:\/\/promz.be\/fr\/product\/mug-double-epaisseur\/","title":{"rendered":"Mug double epaisseur"},"content":{"rendered":"<p>(Prix de d\u00e9part)<br \/>\n&nbsp;<\/p>\n<h3>Description<\/h3>\n<p>Mug. Mug double \u00e9paisseur avec couvercle viss\u00e9. Contenance 33 cl. Ext\u00e9rieur acier inoxydable, int\u00e9rieur plastique.<\/p>\n<p>Quantit\u00e9 minimale: 25 (imprim\u00e9: 50)<\/p>\n","protected":false},"excerpt":{"rendered":"<p>(Prix de d\u00e9part)<br \/>\n&nbsp;<\/p>\n<h3>Description<\/h3>\n<p>Mug. Mug double \u00e9paisseur avec couvercle viss\u00e9. Contenance 33 cl. Ext\u00e9rieur acier inoxydable, int\u00e9rieur plastique.<\/p>\n<p>Quantit\u00e9 minimale: 25 (imprim\u00e9: 50) [&#8230;]<\/p>\n<p><a class=\"btn btn-secondary understrap-read-more-link\" href=\"https:\/\/promz.be\/fr\/product\/mug-double-epaisseur\/\">Lire la suite&#8230;<\/a><\/p>\n","protected":false},"featured_media":9291,"comment_status":"closed","ping_status":"open","template":"","meta":[],"product_cat":[8745],"product_tag":[3308,3309,3310,1294,1060,3311],"_links":{"self":[{"href":"https:\/\/promz.be\/fr\/wp-json\/wp\/v2\/product\/9784"}],"collection":[{"href":"https:\/\/promz.be\/fr\/wp-json\/wp\/v2\/product"}],"about":[{"href":"https:\/\/promz.be\/fr\/wp-json\/wp\/v2\/types\/product"}],"replies":[{"embeddable":true,"href":"https:\/\/promz.be\/fr\/wp-json\/wp\/v2\/comments?post=9784"}],"wp:featuredmedia":[{"embeddable":true,"href":"https:\/\/promz.be\/fr\/wp-json\/wp\/v2\/media\/9291"}],"wp:attachment":[{"href":"https:\/\/promz.be\/fr\/wp-json\/wp\/v2\/media?parent=9784"}],"wp:term":[{"taxonomy":"product_cat","embeddable":true,"href":"https:\/\/promz.be\/fr\/wp-json\/wp\/v2\/product_cat?post=9784"},{"taxonomy":"product_tag","embeddable":true,"href":"https:\/\/promz.be\/fr\/wp-json\/wp\/v2\/product_tag?post=9784"}],"curies":[{"name":"wp","href":"https:\/\/api.w.org\/{rel}","templated":true}]}}