{"id":9785,"date":"2018-01-02T00:00:00","date_gmt":"2018-01-02T00:00:00","guid":{"rendered":"https:\/\/promz.be\/product\/set-de-jeux-5-en-1\/"},"modified":"2018-07-18T08:35:51","modified_gmt":"2018-07-18T08:35:51","slug":"set-de-jeux-5-en-1","status":"publish","type":"product","link":"https:\/\/promz.be\/fr\/product\/set-de-jeux-5-en-1\/","title":{"rendered":"Set de jeux 5 en 1"},"content":{"rendered":"<p>(Prix de d\u00e9part)<br \/>\n&nbsp;<\/p>\n<h3>Description<\/h3>\n<p>Set incluant 5 jeux: mikado, cartes, domino, \u00e9checs et backgammon. Bo\u00eete en carton blanche , (17x17x3.7cms), avec impression du couvercle des 2 c\u00f4t\u00e9s: noir\/ blanc pour les \u00e9checs et noir\/rouge pour le backgammon. Possibilit\u00e9 de marquage sur le couvercle glissant de l\u2019article. Emball\u00e9 dans une bo\u00eete ayant une base noire et un couvercle rouge.<\/p>\n<p>Quantit\u00e9 Minimale: 5 (imprim\u00e9: 10)<\/p>\n<p>DEMANDE D&#039;INFORMATION PAR FOURNISSEUR PAR LE FORMULAIRE CI-DESSOUS<\/p>\n","protected":false},"excerpt":{"rendered":"<p>(Prix de d\u00e9part)<br \/>\n&nbsp;<\/p>\n<h3>Description<\/h3>\n<p>Set incluant 5 jeux: mikado, cartes, domino, \u00e9checs et backgammon. Bo\u00eete en carton blanche , (17x17x3.7cms), avec impression du couvercle des 2 c\u00f4t\u00e9s: noir\/ blanc pour les \u00e9checs et noir\/rouge pour le backgammon. Possibilit\u00e9 de marquage sur le couvercle glissant de l\u2019article. Emball\u00e9 dans une bo\u00eete ayant une base noire et un couvercle rouge.<\/p>\n<p>Quantit\u00e9 Minimale: 5 (imprim\u00e9: 10)<\/p>\n<p>DEMANDE D&#039;INFORMATION PAR FOURNISSEUR PAR LE FORMULAIRE CI-DESSOUS [&#8230;]<\/p>\n<p><a class=\"btn btn-secondary understrap-read-more-link\" href=\"https:\/\/promz.be\/fr\/product\/set-de-jeux-5-en-1\/\">Lire la suite&#8230;<\/a><\/p>\n","protected":false},"featured_media":9786,"comment_status":"closed","ping_status":"open","template":"","meta":[],"product_cat":[953],"product_tag":[3312,3313,3314,1294,1060,3226,3315,3316],"_links":{"self":[{"href":"https:\/\/promz.be\/fr\/wp-json\/wp\/v2\/product\/9785"}],"collection":[{"href":"https:\/\/promz.be\/fr\/wp-json\/wp\/v2\/product"}],"about":[{"href":"https:\/\/promz.be\/fr\/wp-json\/wp\/v2\/types\/product"}],"replies":[{"embeddable":true,"href":"https:\/\/promz.be\/fr\/wp-json\/wp\/v2\/comments?post=9785"}],"wp:featuredmedia":[{"embeddable":true,"href":"https:\/\/promz.be\/fr\/wp-json\/wp\/v2\/media\/9786"}],"wp:attachment":[{"href":"https:\/\/promz.be\/fr\/wp-json\/wp\/v2\/media?parent=9785"}],"wp:term":[{"taxonomy":"product_cat","embeddable":true,"href":"https:\/\/promz.be\/fr\/wp-json\/wp\/v2\/product_cat?post=9785"},{"taxonomy":"product_tag","embeddable":true,"href":"https:\/\/promz.be\/fr\/wp-json\/wp\/v2\/product_tag?post=9785"}],"curies":[{"name":"wp","href":"https:\/\/api.w.org\/{rel}","templated":true}]}}