{"id":9788,"date":"2017-10-09T00:00:00","date_gmt":"2017-10-09T00:00:00","guid":{"rendered":"https:\/\/promz.be\/product\/parapluie-automatique\/"},"modified":"2018-07-18T08:35:52","modified_gmt":"2018-07-18T08:35:52","slug":"parapluie-automatique","status":"publish","type":"product","link":"https:\/\/promz.be\/fr\/product\/parapluie-automatique\/","title":{"rendered":"Parapluie automatique"},"content":{"rendered":"<p>(Prix de d\u00e9part)<br \/>\n&nbsp;<\/p>\n<h3><\/h3>\n<h3>Description<\/h3>\n<p>Parapluie classic automatique 23&#8242;. Poign\u00e9e plastique, m\u00e2t et baleines en m\u00e9tal. Poign\u00e9e plastique. Polyester.<\/p>\n<p>Quantit\u00e9 Minimale: 10 (imprim\u00e9: 50)<\/p>\n","protected":false},"excerpt":{"rendered":"<p>(Prix de d\u00e9part)<br \/>\n&nbsp;<\/p>\n<h3><\/h3>\n<h3>Description<\/h3>\n<p>Parapluie classic automatique 23&#8242;. Poign\u00e9e plastique, m\u00e2t et baleines en m\u00e9tal. Poign\u00e9e plastique. Polyester.<\/p>\n<p>Quantit\u00e9 Minimale: 10 (imprim\u00e9: 50) [&#8230;]<\/p>\n<p><a class=\"btn btn-secondary understrap-read-more-link\" href=\"https:\/\/promz.be\/fr\/product\/parapluie-automatique\/\">Lire la suite&#8230;<\/a><\/p>\n","protected":false},"featured_media":9789,"comment_status":"closed","ping_status":"open","template":"","meta":[],"product_cat":[952,1009],"product_tag":[3317,3318,3319,3320,1294,1060],"_links":{"self":[{"href":"https:\/\/promz.be\/fr\/wp-json\/wp\/v2\/product\/9788"}],"collection":[{"href":"https:\/\/promz.be\/fr\/wp-json\/wp\/v2\/product"}],"about":[{"href":"https:\/\/promz.be\/fr\/wp-json\/wp\/v2\/types\/product"}],"replies":[{"embeddable":true,"href":"https:\/\/promz.be\/fr\/wp-json\/wp\/v2\/comments?post=9788"}],"wp:featuredmedia":[{"embeddable":true,"href":"https:\/\/promz.be\/fr\/wp-json\/wp\/v2\/media\/9789"}],"wp:attachment":[{"href":"https:\/\/promz.be\/fr\/wp-json\/wp\/v2\/media?parent=9788"}],"wp:term":[{"taxonomy":"product_cat","embeddable":true,"href":"https:\/\/promz.be\/fr\/wp-json\/wp\/v2\/product_cat?post=9788"},{"taxonomy":"product_tag","embeddable":true,"href":"https:\/\/promz.be\/fr\/wp-json\/wp\/v2\/product_tag?post=9788"}],"curies":[{"name":"wp","href":"https:\/\/api.w.org\/{rel}","templated":true}]}}