{"id":9794,"date":"2016-12-22T00:00:00","date_gmt":"2016-12-22T00:00:00","guid":{"rendered":"https:\/\/promz.be\/product\/horloge-de-bureau\/"},"modified":"2016-12-22T00:00:00","modified_gmt":"2016-12-22T00:00:00","slug":"horloge-de-bureau","status":"publish","type":"product","link":"https:\/\/promz.be\/fr\/product\/horloge-de-bureau\/","title":{"rendered":"Horloge de bureau"},"content":{"rendered":"<p>(Prix de d\u00e9part)<br \/>\n&nbsp;<\/p>\n<h3>Description<\/h3>\n<ul>\n<li>Horloge de bureau avec fonction affichage m\u00e9t\u00e9o.<\/li>\n<li>Temp\u00e9rature int\u00e9rieure et humidit\u00e9, r\u00e9veil, date<\/li>\n<li>Adaptateur inclus.<\/li>\n<li>Quantit\u00e9 minimale: 5 (imprim\u00e9: 10)<\/li>\n<\/ul>\n","protected":false},"excerpt":{"rendered":"<p>(Prix de d\u00e9part)<br \/>\n&nbsp;<\/p>\n<h3>Description<\/h3>\n<ul>\n<li>Horloge de bureau avec fonction affichage m\u00e9t\u00e9o.<\/li>\n<li>Temp\u00e9rature int\u00e9rieure et humidit\u00e9, r\u00e9veil, date<\/li>\n<li>Adaptateur inclus.<\/li>\n<li>Quantit\u00e9 minimale: 5 (imprim\u00e9: 10)<\/li>\n<\/ul>\n<p> [&#8230;]<\/p>\n<p><a class=\"btn btn-secondary understrap-read-more-link\" href=\"https:\/\/promz.be\/fr\/product\/horloge-de-bureau\/\">Lire la suite&#8230;<\/a><\/p>\n","protected":false},"featured_media":8181,"comment_status":"closed","ping_status":"open","template":"","meta":[],"product_cat":[974,951],"product_tag":[3325,3326,2207,1294,1060],"_links":{"self":[{"href":"https:\/\/promz.be\/fr\/wp-json\/wp\/v2\/product\/9794"}],"collection":[{"href":"https:\/\/promz.be\/fr\/wp-json\/wp\/v2\/product"}],"about":[{"href":"https:\/\/promz.be\/fr\/wp-json\/wp\/v2\/types\/product"}],"replies":[{"embeddable":true,"href":"https:\/\/promz.be\/fr\/wp-json\/wp\/v2\/comments?post=9794"}],"wp:featuredmedia":[{"embeddable":true,"href":"https:\/\/promz.be\/fr\/wp-json\/wp\/v2\/media\/8181"}],"wp:attachment":[{"href":"https:\/\/promz.be\/fr\/wp-json\/wp\/v2\/media?parent=9794"}],"wp:term":[{"taxonomy":"product_cat","embeddable":true,"href":"https:\/\/promz.be\/fr\/wp-json\/wp\/v2\/product_cat?post=9794"},{"taxonomy":"product_tag","embeddable":true,"href":"https:\/\/promz.be\/fr\/wp-json\/wp\/v2\/product_tag?post=9794"}],"curies":[{"name":"wp","href":"https:\/\/api.w.org\/{rel}","templated":true}]}}