{"id":9802,"date":"2016-12-22T00:00:00","date_gmt":"2016-12-22T00:00:00","guid":{"rendered":"https:\/\/promz.be\/product\/besace-echo\/"},"modified":"2016-12-22T00:00:00","modified_gmt":"2016-12-22T00:00:00","slug":"besace-echo","status":"publish","type":"product","link":"https:\/\/promz.be\/fr\/product\/besace-echo\/","title":{"rendered":"Besace Echo"},"content":{"rendered":"<p>(Prix de d\u00e9part)<br \/>\n&nbsp;<\/p>\n<h3>Description<\/h3>\n<p>Besace pour ordinateur et tablette 14&#8221; Echo. Besace pour ordinateur portable et tablette au design exclusif avec d\u00e9tails imitation daim. Poche zipp\u00e9e sur le panneau de rabat et panneau d&#8217;organisation sous le rabat. Compartiment principal zipp\u00e9 convient \u00e0 la plupart des ordinateurs portables 14&#8221;. Bandouli\u00e8re amovible et r\u00e9glable avec \u00e9pauli\u00e8re matelass\u00e9e.<\/p>\n<p>Quantit\u00e9 minimale: 5 (imprim\u00e9: 100)<\/p>\n","protected":false},"excerpt":{"rendered":"<p>(Prix de d\u00e9part)<br \/>\n&nbsp;<\/p>\n<h3>Description<\/h3>\n<p>Besace pour ordinateur et tablette 14&#8221; Echo. Besace pour ordinateur portable et tablette au design exclusif avec d\u00e9tails imitation daim. Poche zipp\u00e9e sur le panneau de rabat et panneau d&#8217;organisation sous le rabat. Compartiment principal zipp\u00e9 convient \u00e0 la plupart des ordinateurs portables 14&#8221;. Bandouli\u00e8re amovible et r\u00e9glable avec \u00e9pauli\u00e8re matelass\u00e9e.<\/p>\n<p>Quantit\u00e9 minimale: 5 (imprim\u00e9: 100) [&#8230;]<\/p>\n<p><a class=\"btn btn-secondary understrap-read-more-link\" href=\"https:\/\/promz.be\/fr\/product\/besace-echo\/\">Lire la suite&#8230;<\/a><\/p>\n","protected":false},"featured_media":7714,"comment_status":"closed","ping_status":"open","template":"","meta":[],"product_cat":[8745,978],"product_tag":[1294,1060,6175],"_links":{"self":[{"href":"https:\/\/promz.be\/fr\/wp-json\/wp\/v2\/product\/9802"}],"collection":[{"href":"https:\/\/promz.be\/fr\/wp-json\/wp\/v2\/product"}],"about":[{"href":"https:\/\/promz.be\/fr\/wp-json\/wp\/v2\/types\/product"}],"replies":[{"embeddable":true,"href":"https:\/\/promz.be\/fr\/wp-json\/wp\/v2\/comments?post=9802"}],"wp:featuredmedia":[{"embeddable":true,"href":"https:\/\/promz.be\/fr\/wp-json\/wp\/v2\/media\/7714"}],"wp:attachment":[{"href":"https:\/\/promz.be\/fr\/wp-json\/wp\/v2\/media?parent=9802"}],"wp:term":[{"taxonomy":"product_cat","embeddable":true,"href":"https:\/\/promz.be\/fr\/wp-json\/wp\/v2\/product_cat?post=9802"},{"taxonomy":"product_tag","embeddable":true,"href":"https:\/\/promz.be\/fr\/wp-json\/wp\/v2\/product_tag?post=9802"}],"curies":[{"name":"wp","href":"https:\/\/api.w.org\/{rel}","templated":true}]}}