{"id":9803,"date":"2018-02-05T00:00:00","date_gmt":"2016-12-22T00:00:00","guid":{"rendered":"https:\/\/promz.be\/product\/bidon-avec-mousqueton\/"},"modified":"2016-12-22T00:00:00","modified_gmt":"2016-12-22T00:00:00","slug":"bidon-avec-mousqueton","status":"publish","type":"product","link":"https:\/\/promz.be\/fr\/product\/bidon-avec-mousqueton\/","title":{"rendered":"Bidon avec mousqueton"},"content":{"rendered":"<p>(Prix de d\u00e9part)<br \/>\n&nbsp;<\/p>\n<h3>Description<\/h3>\n<p>Bidon avec mousqueton. Avec son syst\u00e8me original de fermeture et son mousqueton, ce bidon en aluminium incassable est id\u00e9al pour une promotion sur l&#8217;outdoor ou pour associer votre marque \u00e0 une op\u00e9ration li\u00e9e \u00e0 la sant\u00e9. Aluminium.<\/p>\n<p>Quantit\u00e9 minimale: 25 (imprim\u00e9: 50)<\/p>\n","protected":false},"excerpt":{"rendered":"<p>(Prix de d\u00e9part)<br \/>\n&nbsp;<\/p>\n<h3>Description<\/h3>\n<p>Bidon avec mousqueton. Avec son syst\u00e8me original de fermeture et son mousqueton, ce bidon en aluminium incassable est id\u00e9al pour une promotion sur l&#8217;outdoor ou pour associer votre marque \u00e0 une op\u00e9ration li\u00e9e \u00e0 la sant\u00e9. Aluminium.<\/p>\n<p>Quantit\u00e9 minimale: 25 (imprim\u00e9: 50) [&#8230;]<\/p>\n<p><a class=\"btn btn-secondary understrap-read-more-link\" href=\"https:\/\/promz.be\/fr\/product\/bidon-avec-mousqueton\/\">Lire la suite&#8230;<\/a><\/p>\n","protected":false},"featured_media":6611,"comment_status":"closed","ping_status":"open","template":"","meta":[],"product_cat":[947,969],"product_tag":[],"_links":{"self":[{"href":"https:\/\/promz.be\/fr\/wp-json\/wp\/v2\/product\/9803"}],"collection":[{"href":"https:\/\/promz.be\/fr\/wp-json\/wp\/v2\/product"}],"about":[{"href":"https:\/\/promz.be\/fr\/wp-json\/wp\/v2\/types\/product"}],"replies":[{"embeddable":true,"href":"https:\/\/promz.be\/fr\/wp-json\/wp\/v2\/comments?post=9803"}],"wp:featuredmedia":[{"embeddable":true,"href":"https:\/\/promz.be\/fr\/wp-json\/wp\/v2\/media\/6611"}],"wp:attachment":[{"href":"https:\/\/promz.be\/fr\/wp-json\/wp\/v2\/media?parent=9803"}],"wp:term":[{"taxonomy":"product_cat","embeddable":true,"href":"https:\/\/promz.be\/fr\/wp-json\/wp\/v2\/product_cat?post=9803"},{"taxonomy":"product_tag","embeddable":true,"href":"https:\/\/promz.be\/fr\/wp-json\/wp\/v2\/product_tag?post=9803"}],"curies":[{"name":"wp","href":"https:\/\/api.w.org\/{rel}","templated":true}]}}