{"id":9804,"date":"2017-08-25T00:00:00","date_gmt":"2017-08-25T00:00:00","guid":{"rendered":"https:\/\/promz.be\/product\/bloc-memos-samba\/"},"modified":"2018-07-18T08:35:58","modified_gmt":"2018-07-18T08:35:58","slug":"bloc-memos-samba","status":"publish","type":"product","link":"https:\/\/promz.be\/fr\/product\/bloc-memos-samba\/","title":{"rendered":"Bloc m\u00e9mos Samba"},"content":{"rendered":"<p>(Prix de d\u00e9part)<br \/>\n&nbsp;<\/p>\n<h3>Description<\/h3>\n<p>Bloc m\u00e9mos Samba. Ce set contient un bloc m\u00e9mos, un stylo recycl\u00e9, et des m\u00e9mos autocollants de diff\u00e9rentes couleurs. Carton et papier recycl\u00e9.<\/p>\n<p>Quantit\u00e9 minimale: 25 (imprim\u00e9: 50)<\/p>\n","protected":false},"excerpt":{"rendered":"<p>(Prix de d\u00e9part)<br \/>\n&nbsp;<\/p>\n<h3>Description<\/h3>\n<p>Bloc m\u00e9mos Samba. Ce set contient un bloc m\u00e9mos, un stylo recycl\u00e9, et des m\u00e9mos autocollants de diff\u00e9rentes couleurs. Carton et papier recycl\u00e9.<\/p>\n<p>Quantit\u00e9 minimale: 25 (imprim\u00e9: 50) [&#8230;]<\/p>\n<p><a class=\"btn btn-secondary understrap-read-more-link\" href=\"https:\/\/promz.be\/fr\/product\/bloc-memos-samba\/\">Lire la suite&#8230;<\/a><\/p>\n","protected":false},"featured_media":8476,"comment_status":"closed","ping_status":"open","template":"","meta":[],"product_cat":[951,1004],"product_tag":[3343,3344,1294,1060],"_links":{"self":[{"href":"https:\/\/promz.be\/fr\/wp-json\/wp\/v2\/product\/9804"}],"collection":[{"href":"https:\/\/promz.be\/fr\/wp-json\/wp\/v2\/product"}],"about":[{"href":"https:\/\/promz.be\/fr\/wp-json\/wp\/v2\/types\/product"}],"replies":[{"embeddable":true,"href":"https:\/\/promz.be\/fr\/wp-json\/wp\/v2\/comments?post=9804"}],"wp:featuredmedia":[{"embeddable":true,"href":"https:\/\/promz.be\/fr\/wp-json\/wp\/v2\/media\/8476"}],"wp:attachment":[{"href":"https:\/\/promz.be\/fr\/wp-json\/wp\/v2\/media?parent=9804"}],"wp:term":[{"taxonomy":"product_cat","embeddable":true,"href":"https:\/\/promz.be\/fr\/wp-json\/wp\/v2\/product_cat?post=9804"},{"taxonomy":"product_tag","embeddable":true,"href":"https:\/\/promz.be\/fr\/wp-json\/wp\/v2\/product_tag?post=9804"}],"curies":[{"name":"wp","href":"https:\/\/api.w.org\/{rel}","templated":true}]}}