{"id":9809,"date":"2016-12-20T00:00:00","date_gmt":"2016-12-20T00:00:00","guid":{"rendered":"https:\/\/promz.be\/product\/bloc-notes-recycle-avec-stylo\/"},"modified":"2016-12-20T00:00:00","modified_gmt":"2016-12-20T00:00:00","slug":"bloc-notes-recycle-avec-stylo","status":"publish","type":"product","link":"https:\/\/promz.be\/fr\/product\/bloc-notes-recycle-avec-stylo\/","title":{"rendered":"Bloc-notes recycl\u00e9 avec stylo"},"content":{"rendered":"<p>(Prix de d\u00e9part)<br \/>\n&nbsp;<\/p>\n<h3>Description<\/h3>\n<p>Bloc-notes recycl\u00e9 avec stylo. Contribuez \u00e0 la pr\u00e9servation de l&#8217;environnement. Ce bloc-notes comprend 60 feuilles de papier recycl\u00e9 avec le symbole li\u00e9 aux produits recycl\u00e9s imprim\u00e9 sur chacune d&#8217;entre elles. Le dos du bloc-notes a \u00e9galement le symbole en d\u00e9boss\u00e9. Le stylo est aussi en papier recycl\u00e9.Papier recycl\u00e9.<\/p>\n<p>Quantit\u00e9 minimale: 50 (imprim\u00e9: 100)<\/p>\n","protected":false},"excerpt":{"rendered":"<p>(Prix de d\u00e9part)<br \/>\n&nbsp;<\/p>\n<h3>Description<\/h3>\n<p>Bloc-notes recycl\u00e9 avec stylo. Contribuez \u00e0 la pr\u00e9servation de l&#8217;environnement. Ce bloc-notes comprend 60 feuilles de papier recycl\u00e9 avec le symbole li\u00e9 aux produits recycl\u00e9s imprim\u00e9 sur chacune d&#8217;entre elles. Le dos du bloc-notes a \u00e9galement le symbole en d\u00e9boss\u00e9. Le stylo est aussi en papier recycl\u00e9.Papier recycl\u00e9.<\/p>\n<p>Quantit\u00e9 minimale: 50 (imprim\u00e9: 100) [&#8230;]<\/p>\n<p><a class=\"btn btn-secondary understrap-read-more-link\" href=\"https:\/\/promz.be\/fr\/product\/bloc-notes-recycle-avec-stylo\/\">Lire la suite&#8230;<\/a><\/p>\n","protected":false},"featured_media":8485,"comment_status":"closed","ping_status":"open","template":"","meta":[],"product_cat":[951,1004],"product_tag":[3343,3349,3350,1294,1060],"_links":{"self":[{"href":"https:\/\/promz.be\/fr\/wp-json\/wp\/v2\/product\/9809"}],"collection":[{"href":"https:\/\/promz.be\/fr\/wp-json\/wp\/v2\/product"}],"about":[{"href":"https:\/\/promz.be\/fr\/wp-json\/wp\/v2\/types\/product"}],"replies":[{"embeddable":true,"href":"https:\/\/promz.be\/fr\/wp-json\/wp\/v2\/comments?post=9809"}],"wp:featuredmedia":[{"embeddable":true,"href":"https:\/\/promz.be\/fr\/wp-json\/wp\/v2\/media\/8485"}],"wp:attachment":[{"href":"https:\/\/promz.be\/fr\/wp-json\/wp\/v2\/media?parent=9809"}],"wp:term":[{"taxonomy":"product_cat","embeddable":true,"href":"https:\/\/promz.be\/fr\/wp-json\/wp\/v2\/product_cat?post=9809"},{"taxonomy":"product_tag","embeddable":true,"href":"https:\/\/promz.be\/fr\/wp-json\/wp\/v2\/product_tag?post=9809"}],"curies":[{"name":"wp","href":"https:\/\/api.w.org\/{rel}","templated":true}]}}