{"id":9811,"date":"2018-02-14T00:00:00","date_gmt":"2018-02-14T00:00:00","guid":{"rendered":"https:\/\/promz.be\/product\/boite-repas\/"},"modified":"2018-07-18T08:36:01","modified_gmt":"2018-07-18T08:36:01","slug":"boite-repas","status":"publish","type":"product","link":"https:\/\/promz.be\/fr\/product\/boite-repas\/","title":{"rendered":"Boite repas"},"content":{"rendered":"<p>(Prix de d\u00e9part)<br \/>\n&nbsp;<\/p>\n<h3>Description<\/h3>\n<p>Boite repas. Cette boite repas dispose de 2 poign\u00e9es pour un transport facile et peut aller au micro-ondes. Volume 75 cl. Peut \u00e9galement aller au lave-vaisselle. Polypropyl\u00e8ne avec gomme thermoplastique.<\/p>\n<p>Quantit\u00e9 minimale: 10 (imprim\u00e9: 25)<\/p>\n","protected":false},"excerpt":{"rendered":"<p>(Prix de d\u00e9part)<br \/>\n&nbsp;<\/p>\n<h3>Description<\/h3>\n<p>Boite repas. Cette boite repas dispose de 2 poign\u00e9es pour un transport facile et peut aller au micro-ondes. Volume 75 cl. Peut \u00e9galement aller au lave-vaisselle. Polypropyl\u00e8ne avec gomme thermoplastique.<\/p>\n<p>Quantit\u00e9 minimale: 10 (imprim\u00e9: 25) [&#8230;]<\/p>\n<p><a class=\"btn btn-secondary understrap-read-more-link\" href=\"https:\/\/promz.be\/fr\/product\/boite-repas\/\">Lire la suite&#8230;<\/a><\/p>\n","protected":false},"featured_media":8535,"comment_status":"closed","ping_status":"open","template":"","meta":[],"product_cat":[8745],"product_tag":[3356,3357,1294,1060,3358],"_links":{"self":[{"href":"https:\/\/promz.be\/fr\/wp-json\/wp\/v2\/product\/9811"}],"collection":[{"href":"https:\/\/promz.be\/fr\/wp-json\/wp\/v2\/product"}],"about":[{"href":"https:\/\/promz.be\/fr\/wp-json\/wp\/v2\/types\/product"}],"replies":[{"embeddable":true,"href":"https:\/\/promz.be\/fr\/wp-json\/wp\/v2\/comments?post=9811"}],"wp:featuredmedia":[{"embeddable":true,"href":"https:\/\/promz.be\/fr\/wp-json\/wp\/v2\/media\/8535"}],"wp:attachment":[{"href":"https:\/\/promz.be\/fr\/wp-json\/wp\/v2\/media?parent=9811"}],"wp:term":[{"taxonomy":"product_cat","embeddable":true,"href":"https:\/\/promz.be\/fr\/wp-json\/wp\/v2\/product_cat?post=9811"},{"taxonomy":"product_tag","embeddable":true,"href":"https:\/\/promz.be\/fr\/wp-json\/wp\/v2\/product_tag?post=9811"}],"curies":[{"name":"wp","href":"https:\/\/api.w.org\/{rel}","templated":true}]}}