{"id":9812,"date":"2016-12-22T00:00:00","date_gmt":"2016-12-22T00:00:00","guid":{"rendered":"https:\/\/promz.be\/product\/explore-mix-go-cool\/"},"modified":"2016-12-22T00:00:00","modified_gmt":"2016-12-22T00:00:00","slug":"explore-mix-go-cool","status":"publish","type":"product","link":"https:\/\/promz.be\/fr\/product\/explore-mix-go-cool\/","title":{"rendered":"Explore Mix &#038; Go Cool"},"content":{"rendered":"<p>(Prix de d\u00e9part)<br \/>\n&nbsp;<\/p>\n<h3>Description<\/h3>\n<p>Certains matins peuvent \u00eatre compliqu\u00e9s \u2013 si vous \u00eates en retard pour le travail ou la salle de sport et que vous n\u2019avez pas le temps de prendre votre petit d\u00e9jeuner, le Mix&#038;Go Cool Explore de Russell Hobbs est fait pour vous ! Il s\u2019agit d\u2019un blender fourni avec ses deux bouteilles et ses deux capuchons de type gourde pour emporter vos smoothies partout.<\/p>\n<p>Ce qui rend cet appareil vraiment ing\u00e9nieux c&#8217;est qu\u2019il poss\u00e8de deux tubes rafra\u00eechissants qui se placent \u00e0 l&#8217;int\u00e9rieur de chaque bouteille pour garder votre boisson fra\u00eeche plus longtemps. Pratique si vous ne pouvez pas la boire tout de suite. Elle restera aussi fra\u00eeche qu\u2019au moment de sa pr\u00e9paration. La bouteille du Mix &#038; Go est compacte, personnelle mais \u00e9galement con\u00e7ue pour s&#8217;adapter aux porte-gobelets standards des voitures, vous pouvez les emporter avec vous et en profiter lors de vos d\u00e9placements.<\/p>\n<p>Vous vous simplifiez \u00e9galement la vie en faisant votre smoothie dans un r\u00e9cipient unique et facile \u00e0 nettoyer que vous pouvez emmener avec vous. Les smoothies faits maison sont plus frais, moins chers et meilleurs pour la sant\u00e9 que tout ce que vous pourrez trouver en magasin. Alors allez-y, vous n&#8217;avez qu&#8217;\u00e0 mixer et c&#8217;est parti !<\/p>\n<p>Quantit\u00e9 minimale: 5<\/p>\n","protected":false},"excerpt":{"rendered":"<p>(Prix de d\u00e9part)<br \/>\n&nbsp;<\/p>\n<h3>Description<\/h3>\n<p>Certains matins peuvent \u00eatre compliqu\u00e9s \u2013 si vous \u00eates en retard pour le travail ou la salle de sport et que vous n\u2019avez pas le temps de prendre votre petit d\u00e9jeuner, le Mix&#038;Go Cool Explore de Russell Hobbs est fait pour vous ! Il s\u2019agit d\u2019un blender fourni avec ses deux bouteilles et ses deux capuchons de type gourde pour emporter vos smoothies partout.<\/p>\n<p>Ce qui rend cet appareil vraiment ing\u00e9nieux c&#8217;est qu\u2019il poss\u00e8de deux tubes rafra\u00eechissants qui se placent \u00e0 l&#8217;int\u00e9rieur de chaque bouteille pour garder votre boisson fra\u00eeche plus longtemps. Pratique si vous ne pouvez pas la boire tout de suite. Elle restera aussi fra\u00eeche qu\u2019au moment de sa pr\u00e9paration. La bouteille du Mix &#038; Go est compacte, personnelle mais \u00e9galement con\u00e7ue pour s&#8217;adapter aux porte-gobelets standards des voitures, vous pouvez les emporter avec vous et en profiter lors de vos d\u00e9placements.<\/p>\n<p>Vous vous simplifiez \u00e9galement la vie en faisant votre smoothie dans un r\u00e9cipient unique et facile \u00e0 nettoyer que vous pouvez emmener avec vous. Les smoothies faits maison sont plus frais, moins chers et meilleurs pour la sant\u00e9 que tout ce que vous pourrez trouver en magasin. Alors allez-y, vous n&#8217;avez qu&#8217;\u00e0 mixer et c&#8217;est parti !<\/p>\n<p>Quantit\u00e9 minimale: 5 [&#8230;]<\/p>\n<p><a class=\"btn btn-secondary understrap-read-more-link\" href=\"https:\/\/promz.be\/fr\/product\/explore-mix-go-cool\/\">Lire la suite&#8230;<\/a><\/p>\n","protected":false},"featured_media":8012,"comment_status":"closed","ping_status":"open","template":"","meta":[],"product_cat":[8745],"product_tag":[3359,3360,3361,1294,1060],"_links":{"self":[{"href":"https:\/\/promz.be\/fr\/wp-json\/wp\/v2\/product\/9812"}],"collection":[{"href":"https:\/\/promz.be\/fr\/wp-json\/wp\/v2\/product"}],"about":[{"href":"https:\/\/promz.be\/fr\/wp-json\/wp\/v2\/types\/product"}],"replies":[{"embeddable":true,"href":"https:\/\/promz.be\/fr\/wp-json\/wp\/v2\/comments?post=9812"}],"wp:featuredmedia":[{"embeddable":true,"href":"https:\/\/promz.be\/fr\/wp-json\/wp\/v2\/media\/8012"}],"wp:attachment":[{"href":"https:\/\/promz.be\/fr\/wp-json\/wp\/v2\/media?parent=9812"}],"wp:term":[{"taxonomy":"product_cat","embeddable":true,"href":"https:\/\/promz.be\/fr\/wp-json\/wp\/v2\/product_cat?post=9812"},{"taxonomy":"product_tag","embeddable":true,"href":"https:\/\/promz.be\/fr\/wp-json\/wp\/v2\/product_tag?post=9812"}],"curies":[{"name":"wp","href":"https:\/\/api.w.org\/{rel}","templated":true}]}}