{"id":9813,"date":"2018-02-27T00:00:00","date_gmt":"2018-02-27T00:00:00","guid":{"rendered":"https:\/\/promz.be\/product\/chapeau-de-noel-traditionnel\/"},"modified":"2018-07-18T08:36:03","modified_gmt":"2018-07-18T08:36:03","slug":"chapeau-de-noel-traditionnel","status":"publish","type":"product","link":"https:\/\/promz.be\/fr\/product\/chapeau-de-noel-traditionnel\/","title":{"rendered":"Chapeau de No\u00ebl traditionnel"},"content":{"rendered":"<p>(Prix de d\u00e9part)<br \/>\n&nbsp;<\/p>\n<h3>Description<\/h3>\n<p>Chapeau de No\u00ebl. Entrez dans l&#8217;ambiance de No\u00ebl gr\u00e2ce \u00e0 ce chapeau traditionnel. Feutre.<\/p>\n<p>Quantit\u00e9 minimale: 50 (imprim\u00e9: 100)<\/p>\n","protected":false},"excerpt":{"rendered":"<p>(Prix de d\u00e9part)<br \/>\n&nbsp;<\/p>\n<h3>Description<\/h3>\n<p>Chapeau de No\u00ebl. Entrez dans l&#8217;ambiance de No\u00ebl gr\u00e2ce \u00e0 ce chapeau traditionnel. Feutre.<\/p>\n<p>Quantit\u00e9 minimale: 50 (imprim\u00e9: 100) [&#8230;]<\/p>\n<p><a class=\"btn btn-secondary understrap-read-more-link\" href=\"https:\/\/promz.be\/fr\/product\/chapeau-de-noel-traditionnel\/\">Lire la suite&#8230;<\/a><\/p>\n","protected":false},"featured_media":9814,"comment_status":"closed","ping_status":"open","template":"","meta":[],"product_cat":[8745],"product_tag":[3364,3365,3366,3367,3368,1294,1060],"_links":{"self":[{"href":"https:\/\/promz.be\/fr\/wp-json\/wp\/v2\/product\/9813"}],"collection":[{"href":"https:\/\/promz.be\/fr\/wp-json\/wp\/v2\/product"}],"about":[{"href":"https:\/\/promz.be\/fr\/wp-json\/wp\/v2\/types\/product"}],"replies":[{"embeddable":true,"href":"https:\/\/promz.be\/fr\/wp-json\/wp\/v2\/comments?post=9813"}],"wp:featuredmedia":[{"embeddable":true,"href":"https:\/\/promz.be\/fr\/wp-json\/wp\/v2\/media\/9814"}],"wp:attachment":[{"href":"https:\/\/promz.be\/fr\/wp-json\/wp\/v2\/media?parent=9813"}],"wp:term":[{"taxonomy":"product_cat","embeddable":true,"href":"https:\/\/promz.be\/fr\/wp-json\/wp\/v2\/product_cat?post=9813"},{"taxonomy":"product_tag","embeddable":true,"href":"https:\/\/promz.be\/fr\/wp-json\/wp\/v2\/product_tag?post=9813"}],"curies":[{"name":"wp","href":"https:\/\/api.w.org\/{rel}","templated":true}]}}