{"id":9819,"date":"2017-12-08T00:00:00","date_gmt":"2017-12-08T00:00:00","guid":{"rendered":"https:\/\/promz.be\/product\/micro-twist\/"},"modified":"2018-07-18T08:36:04","modified_gmt":"2018-07-18T08:36:04","slug":"micro-twist","status":"publish","type":"product","link":"https:\/\/promz.be\/fr\/product\/micro-twist\/","title":{"rendered":"Micro Twist"},"content":{"rendered":"<p>(Prix de d\u00e9part)<br \/>\n&nbsp;<\/p>\n<h3>Description<\/h3>\n<p>Cl\u00e9 USB avec un connecteur twist. Robuse et \u00e9l\u00e9gant en aluminium anodis\u00e9. Resiste \u00e0 la poussi\u00e8re et aux \u00e9claboussures. 4Gb.<\/p>\n<p>Quantit\u00e9 Minimale: 10 (imprim\u00e9: 25)<\/p>\n","protected":false},"excerpt":{"rendered":"<p>(Prix de d\u00e9part)<br \/>\n&nbsp;<\/p>\n<h3>Description<\/h3>\n<p>Cl\u00e9 USB avec un connecteur twist. Robuse et \u00e9l\u00e9gant en aluminium anodis\u00e9. Resiste \u00e0 la poussi\u00e8re et aux \u00e9claboussures. 4Gb.<\/p>\n<p>Quantit\u00e9 Minimale: 10 (imprim\u00e9: 25) [&#8230;]<\/p>\n<p><a class=\"btn btn-secondary understrap-read-more-link\" href=\"https:\/\/promz.be\/fr\/product\/micro-twist\/\">Lire la suite&#8230;<\/a><\/p>\n","protected":false},"featured_media":9820,"comment_status":"closed","ping_status":"open","template":"","meta":[],"product_cat":[1030,956],"product_tag":[3373,3374,3375,1294,3376,1060],"_links":{"self":[{"href":"https:\/\/promz.be\/fr\/wp-json\/wp\/v2\/product\/9819"}],"collection":[{"href":"https:\/\/promz.be\/fr\/wp-json\/wp\/v2\/product"}],"about":[{"href":"https:\/\/promz.be\/fr\/wp-json\/wp\/v2\/types\/product"}],"replies":[{"embeddable":true,"href":"https:\/\/promz.be\/fr\/wp-json\/wp\/v2\/comments?post=9819"}],"wp:featuredmedia":[{"embeddable":true,"href":"https:\/\/promz.be\/fr\/wp-json\/wp\/v2\/media\/9820"}],"wp:attachment":[{"href":"https:\/\/promz.be\/fr\/wp-json\/wp\/v2\/media?parent=9819"}],"wp:term":[{"taxonomy":"product_cat","embeddable":true,"href":"https:\/\/promz.be\/fr\/wp-json\/wp\/v2\/product_cat?post=9819"},{"taxonomy":"product_tag","embeddable":true,"href":"https:\/\/promz.be\/fr\/wp-json\/wp\/v2\/product_tag?post=9819"}],"curies":[{"name":"wp","href":"https:\/\/api.w.org\/{rel}","templated":true}]}}