{"id":9822,"date":"2018-05-11T00:00:00","date_gmt":"2018-05-11T00:00:00","guid":{"rendered":"https:\/\/promz.be\/product\/contenant-isotherme-avec-tasse\/"},"modified":"2018-07-18T08:36:05","modified_gmt":"2018-07-18T08:36:05","slug":"contenant-isotherme-avec-tasse","status":"publish","type":"product","link":"https:\/\/promz.be\/fr\/product\/contenant-isotherme-avec-tasse\/","title":{"rendered":"Contenant isotherme avec tasse"},"content":{"rendered":"<p>(Prix de d\u00e9part)<br \/>\n&nbsp;<\/p>\n<h3>Description<\/h3>\n<p>Contenant isotherme. Ce contenant isotherme dispose d&#8217;une double paroie en acier inoxydable. La tasse est int\u00e9gr\u00e9e dans le couvercle. Capacit\u00e9 50 cl. Acier inoxydable.<\/p>\n<p>Quantit\u00e9 minimale: 10 (imprim\u00e9: 50)<\/p>\n","protected":false},"excerpt":{"rendered":"<p>(Prix de d\u00e9part)<br \/>\n&nbsp;<\/p>\n<h3>Description<\/h3>\n<p>Contenant isotherme. Ce contenant isotherme dispose d&#8217;une double paroie en acier inoxydable. La tasse est int\u00e9gr\u00e9e dans le couvercle. Capacit\u00e9 50 cl. Acier inoxydable.<\/p>\n<p>Quantit\u00e9 minimale: 10 (imprim\u00e9: 50) [&#8230;]<\/p>\n<p><a class=\"btn btn-secondary understrap-read-more-link\" href=\"https:\/\/promz.be\/fr\/product\/contenant-isotherme-avec-tasse\/\">Lire la suite&#8230;<\/a><\/p>\n","protected":false},"featured_media":9823,"comment_status":"closed","ping_status":"open","template":"","meta":[],"product_cat":[8745],"product_tag":[3377,1294,1060,3311],"_links":{"self":[{"href":"https:\/\/promz.be\/fr\/wp-json\/wp\/v2\/product\/9822"}],"collection":[{"href":"https:\/\/promz.be\/fr\/wp-json\/wp\/v2\/product"}],"about":[{"href":"https:\/\/promz.be\/fr\/wp-json\/wp\/v2\/types\/product"}],"replies":[{"embeddable":true,"href":"https:\/\/promz.be\/fr\/wp-json\/wp\/v2\/comments?post=9822"}],"wp:featuredmedia":[{"embeddable":true,"href":"https:\/\/promz.be\/fr\/wp-json\/wp\/v2\/media\/9823"}],"wp:attachment":[{"href":"https:\/\/promz.be\/fr\/wp-json\/wp\/v2\/media?parent=9822"}],"wp:term":[{"taxonomy":"product_cat","embeddable":true,"href":"https:\/\/promz.be\/fr\/wp-json\/wp\/v2\/product_cat?post=9822"},{"taxonomy":"product_tag","embeddable":true,"href":"https:\/\/promz.be\/fr\/wp-json\/wp\/v2\/product_tag?post=9822"}],"curies":[{"name":"wp","href":"https:\/\/api.w.org\/{rel}","templated":true}]}}