{"id":9833,"date":"2018-03-07T00:00:00","date_gmt":"2018-03-07T00:00:00","guid":{"rendered":"https:\/\/promz.be\/product\/set-3-serviettes-de-toilette\/"},"modified":"2018-07-18T08:36:10","modified_gmt":"2018-07-18T08:36:10","slug":"set-3-serviettes-de-toilette","status":"publish","type":"product","link":"https:\/\/promz.be\/fr\/product\/set-3-serviettes-de-toilette\/","title":{"rendered":"Set 3 serviettes de toilette"},"content":{"rendered":"<p>(Prix de d\u00e9part)<br \/>\n&nbsp;<\/p>\n<h3>Description<\/h3>\n<p>Ensemble de 3 serviettes de dimensions diff\u00e9rentes : drap de bain (135&#215;70), serviettes de douche (70&#215;40) et visage (30&#215;30), pr\u00e9sent\u00e9s avec un ruban satin\u00e9. 100% coton, 380g\/m\u00b2. Carte incluse.<\/p>\n","protected":false},"excerpt":{"rendered":"<p>(Prix de d\u00e9part)<br \/>\n&nbsp;<\/p>\n<h3>Description<\/h3>\n<p>Ensemble de 3 serviettes de dimensions diff\u00e9rentes : drap de bain (135&#215;70), serviettes de douche (70&#215;40) et visage (30&#215;30), pr\u00e9sent\u00e9s avec un ruban satin\u00e9. 100% coton, 380g\/m\u00b2. Carte incluse. [&#8230;]<\/p>\n<p><a class=\"btn btn-secondary understrap-read-more-link\" href=\"https:\/\/promz.be\/fr\/product\/set-3-serviettes-de-toilette\/\">Lire la suite&#8230;<\/a><\/p>\n","protected":false},"featured_media":9834,"comment_status":"closed","ping_status":"open","template":"","meta":[],"product_cat":[8745],"product_tag":[3393,3394,2937,3395,3396,3397],"_links":{"self":[{"href":"https:\/\/promz.be\/fr\/wp-json\/wp\/v2\/product\/9833"}],"collection":[{"href":"https:\/\/promz.be\/fr\/wp-json\/wp\/v2\/product"}],"about":[{"href":"https:\/\/promz.be\/fr\/wp-json\/wp\/v2\/types\/product"}],"replies":[{"embeddable":true,"href":"https:\/\/promz.be\/fr\/wp-json\/wp\/v2\/comments?post=9833"}],"wp:featuredmedia":[{"embeddable":true,"href":"https:\/\/promz.be\/fr\/wp-json\/wp\/v2\/media\/9834"}],"wp:attachment":[{"href":"https:\/\/promz.be\/fr\/wp-json\/wp\/v2\/media?parent=9833"}],"wp:term":[{"taxonomy":"product_cat","embeddable":true,"href":"https:\/\/promz.be\/fr\/wp-json\/wp\/v2\/product_cat?post=9833"},{"taxonomy":"product_tag","embeddable":true,"href":"https:\/\/promz.be\/fr\/wp-json\/wp\/v2\/product_tag?post=9833"}],"curies":[{"name":"wp","href":"https:\/\/api.w.org\/{rel}","templated":true}]}}