{"id":9836,"date":"2017-06-23T00:00:00","date_gmt":"2017-06-23T00:00:00","guid":{"rendered":"https:\/\/promz.be\/product\/ethylo-test\/"},"modified":"2018-07-18T08:36:11","modified_gmt":"2018-07-18T08:36:11","slug":"ethylo-test","status":"publish","type":"product","link":"https:\/\/promz.be\/fr\/product\/ethylo-test\/","title":{"rendered":"Ethylo test"},"content":{"rendered":"<p>(Prix de d\u00e9part)<br \/>\n&nbsp;<\/p>\n<h3>Description<\/h3>\n<p>Ethylo test. Cet appareil mesure le taux d&#8217;alcool dans le sang en soufflant dans l&#8217;appareil. Le r\u00e9sultat est affich\u00e9 sous forme de diodes de couleur. Une aide pr\u00e9cieuse avant de prendre le volant.<\/p>\n<p>Quantit\u00e9 minimale: 10 (imprim\u00e9: 25)<\/p>\n","protected":false},"excerpt":{"rendered":"<p>(Prix de d\u00e9part)<br \/>\n&nbsp;<\/p>\n<h3>Description<\/h3>\n<p>Ethylo test. Cet appareil mesure le taux d&#8217;alcool dans le sang en soufflant dans l&#8217;appareil. Le r\u00e9sultat est affich\u00e9 sous forme de diodes de couleur. Une aide pr\u00e9cieuse avant de prendre le volant.<\/p>\n<p>Quantit\u00e9 minimale: 10 (imprim\u00e9: 25) [&#8230;]<\/p>\n<p><a class=\"btn btn-secondary understrap-read-more-link\" href=\"https:\/\/promz.be\/fr\/product\/ethylo-test\/\">Lire la suite&#8230;<\/a><\/p>\n","protected":false},"featured_media":9837,"comment_status":"closed","ping_status":"open","template":"","meta":[],"product_cat":[948,1018],"product_tag":[3399,3400,1294,1060],"_links":{"self":[{"href":"https:\/\/promz.be\/fr\/wp-json\/wp\/v2\/product\/9836"}],"collection":[{"href":"https:\/\/promz.be\/fr\/wp-json\/wp\/v2\/product"}],"about":[{"href":"https:\/\/promz.be\/fr\/wp-json\/wp\/v2\/types\/product"}],"replies":[{"embeddable":true,"href":"https:\/\/promz.be\/fr\/wp-json\/wp\/v2\/comments?post=9836"}],"wp:featuredmedia":[{"embeddable":true,"href":"https:\/\/promz.be\/fr\/wp-json\/wp\/v2\/media\/9837"}],"wp:attachment":[{"href":"https:\/\/promz.be\/fr\/wp-json\/wp\/v2\/media?parent=9836"}],"wp:term":[{"taxonomy":"product_cat","embeddable":true,"href":"https:\/\/promz.be\/fr\/wp-json\/wp\/v2\/product_cat?post=9836"},{"taxonomy":"product_tag","embeddable":true,"href":"https:\/\/promz.be\/fr\/wp-json\/wp\/v2\/product_tag?post=9836"}],"curies":[{"name":"wp","href":"https:\/\/api.w.org\/{rel}","templated":true}]}}