{"id":9840,"date":"2016-12-22T00:00:00","date_gmt":"2016-12-22T00:00:00","guid":{"rendered":"https:\/\/promz.be\/product\/boule-haut-parleur-sport-bluetooth\/"},"modified":"2016-12-22T00:00:00","modified_gmt":"2016-12-22T00:00:00","slug":"boule-haut-parleur-sport-bluetooth","status":"publish","type":"product","link":"https:\/\/promz.be\/fr\/product\/boule-haut-parleur-sport-bluetooth\/","title":{"rendered":"Boule haut-parleur Sport Bluetooth"},"content":{"rendered":"<p>(Prix de d\u00e9part)<br \/>\n&nbsp;<\/p>\n<h3>Description<\/h3>\n<p>Haut-parleur Bluetooth\u00ae de 3 W r\u00e9sistant aux chocs. Profitez de vos listes de lecture dans toutes circonstances, seul ou avec vos amis. Gr\u00e2ce \u00e0 sa protection en silicone de 6 mm d&#8217;\u00e9paisseur, il n&#8217;y a aucun risque de l&#8217;ab\u00eemer ! Le microphone int\u00e9gr\u00e9 vous offre la possibilit\u00e9 de t\u00e9l\u00e9phoner directement du haut-parleur.<\/p>\n<p>Sans fil (technologie Bluetooth\u00ae 4.0). Protection de silicone de 6 mm : antichoc ! Compatibilit\u00e9 avec tous les dispositifs Bluetooth\u00ae. Batterie de lithium incluse : 4 et 5 heures d&#8217;autonomie. Microphone incorpor\u00e9. Contr\u00f4le de volume et de piste incorpor\u00e9. Cordon pour poignet et c\u00e2ble audio inclus. Distance de fonctionnement : 10 a 15 m\u00e8tres. Puissance : 3W (mono speaker). Plage de fr\u00e9quence : 20 &#8211; 20.000 Hz. Imp\u00e9dance : 4 Ohms. C\u00e2ble de charge inclus : micro USB universel.<\/p>\n<p>Quantit\u00e9 minimale: 10 (imprim\u00e9: 25)<\/p>\n","protected":false},"excerpt":{"rendered":"<p>(Prix de d\u00e9part)<br \/>\n&nbsp;<\/p>\n<h3>Description<\/h3>\n<p>Haut-parleur Bluetooth\u00ae de 3 W r\u00e9sistant aux chocs. Profitez de vos listes de lecture dans toutes circonstances, seul ou avec vos amis. Gr\u00e2ce \u00e0 sa protection en silicone de 6 mm d&#8217;\u00e9paisseur, il n&#8217;y a aucun risque de l&#8217;ab\u00eemer ! Le microphone int\u00e9gr\u00e9 vous offre la possibilit\u00e9 de t\u00e9l\u00e9phoner directement du haut-parleur.<\/p>\n<p>Sans fil (technologie Bluetooth\u00ae 4.0). Protection de silicone de 6 mm : antichoc ! Compatibilit\u00e9 avec tous les dispositifs Bluetooth\u00ae. Batterie de lithium incluse : 4 et 5 heures d&#8217;autonomie. Microphone incorpor\u00e9. Contr\u00f4le de volume et de piste incorpor\u00e9. Cordon pour poignet et c\u00e2ble audio inclus. Distance de fonctionnement : 10 a 15 m\u00e8tres. Puissance : 3W (mono speaker). Plage de fr\u00e9quence : 20 &#8211; 20.000 Hz. Imp\u00e9dance : 4 Ohms. C\u00e2ble de charge inclus : micro USB universel.<\/p>\n<p>Quantit\u00e9 minimale: 10 (imprim\u00e9: 25) [&#8230;]<\/p>\n<p><a class=\"btn btn-secondary understrap-read-more-link\" href=\"https:\/\/promz.be\/fr\/product\/boule-haut-parleur-sport-bluetooth\/\">Lire la suite&#8230;<\/a><\/p>\n","protected":false},"featured_media":9349,"comment_status":"closed","ping_status":"open","template":"","meta":[],"product_cat":[8745],"product_tag":[3404,3405,3159,1294,1060],"_links":{"self":[{"href":"https:\/\/promz.be\/fr\/wp-json\/wp\/v2\/product\/9840"}],"collection":[{"href":"https:\/\/promz.be\/fr\/wp-json\/wp\/v2\/product"}],"about":[{"href":"https:\/\/promz.be\/fr\/wp-json\/wp\/v2\/types\/product"}],"replies":[{"embeddable":true,"href":"https:\/\/promz.be\/fr\/wp-json\/wp\/v2\/comments?post=9840"}],"wp:featuredmedia":[{"embeddable":true,"href":"https:\/\/promz.be\/fr\/wp-json\/wp\/v2\/media\/9349"}],"wp:attachment":[{"href":"https:\/\/promz.be\/fr\/wp-json\/wp\/v2\/media?parent=9840"}],"wp:term":[{"taxonomy":"product_cat","embeddable":true,"href":"https:\/\/promz.be\/fr\/wp-json\/wp\/v2\/product_cat?post=9840"},{"taxonomy":"product_tag","embeddable":true,"href":"https:\/\/promz.be\/fr\/wp-json\/wp\/v2\/product_tag?post=9840"}],"curies":[{"name":"wp","href":"https:\/\/api.w.org\/{rel}","templated":true}]}}