{"id":9841,"date":"2018-04-03T00:00:00","date_gmt":"2018-04-03T00:00:00","guid":{"rendered":"https:\/\/promz.be\/product\/flex-porte-cle\/"},"modified":"2018-07-18T08:36:13","modified_gmt":"2018-07-18T08:36:13","slug":"flex-porte-cle","status":"publish","type":"product","link":"https:\/\/promz.be\/fr\/product\/flex-porte-cle\/","title":{"rendered":"Flex porte-cle"},"content":{"rendered":"<p>(Prix de d\u00e9part)<br \/>\n&nbsp;<\/p>\n<h3>Description<\/h3>\n<p>Le Flex key ring est un porte-cl\u00e9 \u00e0 forme personnalis\u00e9e qui peut \u00eatre produit dans presque toutes les formes &#038; tailles. Par exemple: la forme du logo d&#8217;une soci\u00e8t\u00e9 ou d&#8217;un objet.<\/p>\n<p>Ce porte-cl\u00e9 l\u00e9ger peut \u00eatre personnalis\u00e9 en toutes couleurs. Gr\u00e2ce \u00e0 notre technique &#8220;doming&#8221;, le marquage est anti-\u00e9raflure et resitant aux UV. Le porte-cl\u00e9s Flex key ring est disponible en version recto\/verso ou en impression recto uniquement.<\/p>\n<p>Quantit\u00e9 minimale: 50 (imprim\u00e9: 100)<\/p>\n","protected":false},"excerpt":{"rendered":"<p>(Prix de d\u00e9part)<br \/>\n&nbsp;<\/p>\n<h3>Description<\/h3>\n<p>Le Flex key ring est un porte-cl\u00e9 \u00e0 forme personnalis\u00e9e qui peut \u00eatre produit dans presque toutes les formes &#038; tailles. Par exemple: la forme du logo d&#8217;une soci\u00e8t\u00e9 ou d&#8217;un objet.<\/p>\n<p>Ce porte-cl\u00e9 l\u00e9ger peut \u00eatre personnalis\u00e9 en toutes couleurs. Gr\u00e2ce \u00e0 notre technique &#8220;doming&#8221;, le marquage est anti-\u00e9raflure et resitant aux UV. Le porte-cl\u00e9s Flex key ring est disponible en version recto\/verso ou en impression recto uniquement.<\/p>\n<p>Quantit\u00e9 minimale: 50 (imprim\u00e9: 100) [&#8230;]<\/p>\n<p><a class=\"btn btn-secondary understrap-read-more-link\" href=\"https:\/\/promz.be\/fr\/product\/flex-porte-cle\/\">Lire la suite&#8230;<\/a><\/p>\n","protected":false},"featured_media":8963,"comment_status":"closed","ping_status":"open","template":"","meta":[],"product_cat":[948,1018],"product_tag":[3406,1294,3286,3287,1060],"_links":{"self":[{"href":"https:\/\/promz.be\/fr\/wp-json\/wp\/v2\/product\/9841"}],"collection":[{"href":"https:\/\/promz.be\/fr\/wp-json\/wp\/v2\/product"}],"about":[{"href":"https:\/\/promz.be\/fr\/wp-json\/wp\/v2\/types\/product"}],"replies":[{"embeddable":true,"href":"https:\/\/promz.be\/fr\/wp-json\/wp\/v2\/comments?post=9841"}],"wp:featuredmedia":[{"embeddable":true,"href":"https:\/\/promz.be\/fr\/wp-json\/wp\/v2\/media\/8963"}],"wp:attachment":[{"href":"https:\/\/promz.be\/fr\/wp-json\/wp\/v2\/media?parent=9841"}],"wp:term":[{"taxonomy":"product_cat","embeddable":true,"href":"https:\/\/promz.be\/fr\/wp-json\/wp\/v2\/product_cat?post=9841"},{"taxonomy":"product_tag","embeddable":true,"href":"https:\/\/promz.be\/fr\/wp-json\/wp\/v2\/product_tag?post=9841"}],"curies":[{"name":"wp","href":"https:\/\/api.w.org\/{rel}","templated":true}]}}