{"id":9842,"date":"2017-08-16T00:00:00","date_gmt":"2017-08-16T00:00:00","guid":{"rendered":"https:\/\/promz.be\/product\/lunettes-de-realite-virtuelle\/"},"modified":"2018-07-18T08:36:14","modified_gmt":"2018-07-18T08:36:14","slug":"lunettes-de-realite-virtuelle","status":"publish","type":"product","link":"https:\/\/promz.be\/fr\/product\/lunettes-de-realite-virtuelle\/","title":{"rendered":"Lunettes de r\u00e9alit\u00e9 virtuelle"},"content":{"rendered":"<p>(Prix de d\u00e9part)<br \/>\n&nbsp;<\/p>\n<h3>Description<\/h3>\n<p>Lunettes de r\u00e9alit\u00e9 virtuelle en ABS fonctionnant avec une application. T\u00e9l\u00e9chargez des vid\u00e9os de r\u00e9alit\u00e9 virtuelle ou des jeux et regardez-les. L&#8217;appareil supporte tout smartphone de 4,0 \u00e0 6,5 pouces.<\/p>\n<p>Quantit\u00e9 minimale: 5 (imprim\u00e9: 10)<\/p>\n","protected":false},"excerpt":{"rendered":"<p>(Prix de d\u00e9part)<br \/>\n&nbsp;<\/p>\n<h3>Description<\/h3>\n<p>Lunettes de r\u00e9alit\u00e9 virtuelle en ABS fonctionnant avec une application. T\u00e9l\u00e9chargez des vid\u00e9os de r\u00e9alit\u00e9 virtuelle ou des jeux et regardez-les. L&#8217;appareil supporte tout smartphone de 4,0 \u00e0 6,5 pouces.<\/p>\n<p>Quantit\u00e9 minimale: 5 (imprim\u00e9: 10) [&#8230;]<\/p>\n<p><a class=\"btn btn-secondary understrap-read-more-link\" href=\"https:\/\/promz.be\/fr\/product\/lunettes-de-realite-virtuelle\/\">Lire la suite&#8230;<\/a><\/p>\n","protected":false},"featured_media":7426,"comment_status":"closed","ping_status":"open","template":"","meta":[],"product_cat":[8745],"product_tag":[3408,3409,3410,3411,1294,1060],"_links":{"self":[{"href":"https:\/\/promz.be\/fr\/wp-json\/wp\/v2\/product\/9842"}],"collection":[{"href":"https:\/\/promz.be\/fr\/wp-json\/wp\/v2\/product"}],"about":[{"href":"https:\/\/promz.be\/fr\/wp-json\/wp\/v2\/types\/product"}],"replies":[{"embeddable":true,"href":"https:\/\/promz.be\/fr\/wp-json\/wp\/v2\/comments?post=9842"}],"wp:featuredmedia":[{"embeddable":true,"href":"https:\/\/promz.be\/fr\/wp-json\/wp\/v2\/media\/7426"}],"wp:attachment":[{"href":"https:\/\/promz.be\/fr\/wp-json\/wp\/v2\/media?parent=9842"}],"wp:term":[{"taxonomy":"product_cat","embeddable":true,"href":"https:\/\/promz.be\/fr\/wp-json\/wp\/v2\/product_cat?post=9842"},{"taxonomy":"product_tag","embeddable":true,"href":"https:\/\/promz.be\/fr\/wp-json\/wp\/v2\/product_tag?post=9842"}],"curies":[{"name":"wp","href":"https:\/\/api.w.org\/{rel}","templated":true}]}}