{"id":9846,"date":"2016-12-22T00:00:00","date_gmt":"2016-12-22T00:00:00","guid":{"rendered":"https:\/\/promz.be\/product\/lunettes-avec-appareil-photos\/"},"modified":"2016-12-22T00:00:00","modified_gmt":"2016-12-22T00:00:00","slug":"lunettes-avec-appareil-photos","status":"publish","type":"product","link":"https:\/\/promz.be\/fr\/product\/lunettes-avec-appareil-photos\/","title":{"rendered":"Lunettes avec appareil photos"},"content":{"rendered":"<p>(Prix de d\u00e9part)<br \/>\n&nbsp;<\/p>\n<h3>Description<\/h3>\n<p>Lunettes UV400 incluant un appareil photos 5.0MP r\u00e9solution 1280*720 supportant les enregistrements vid\u00e9os, sauvegarde sur carte Micro SD (exclue). T\u00e9l\u00e9commande incluse 1 pile rechargeable Li-ion 370mAh incluse.<\/p>\n<p>Quantit\u00e9 minimale: 5 (imprim\u00e9: 10)<\/p>\n","protected":false},"excerpt":{"rendered":"<p>(Prix de d\u00e9part)<br \/>\n&nbsp;<\/p>\n<h3>Description<\/h3>\n<p>Lunettes UV400 incluant un appareil photos 5.0MP r\u00e9solution 1280*720 supportant les enregistrements vid\u00e9os, sauvegarde sur carte Micro SD (exclue). T\u00e9l\u00e9commande incluse 1 pile rechargeable Li-ion 370mAh incluse.<\/p>\n<p>Quantit\u00e9 minimale: 5 (imprim\u00e9: 10) [&#8230;]<\/p>\n<p><a class=\"btn btn-secondary understrap-read-more-link\" href=\"https:\/\/promz.be\/fr\/product\/lunettes-avec-appareil-photos\/\">Lire la suite&#8230;<\/a><\/p>\n","protected":false},"featured_media":9521,"comment_status":"closed","ping_status":"open","template":"","meta":[],"product_cat":[8745],"product_tag":[3414,3415,3416,3417,3418,1294,1060],"_links":{"self":[{"href":"https:\/\/promz.be\/fr\/wp-json\/wp\/v2\/product\/9846"}],"collection":[{"href":"https:\/\/promz.be\/fr\/wp-json\/wp\/v2\/product"}],"about":[{"href":"https:\/\/promz.be\/fr\/wp-json\/wp\/v2\/types\/product"}],"replies":[{"embeddable":true,"href":"https:\/\/promz.be\/fr\/wp-json\/wp\/v2\/comments?post=9846"}],"wp:featuredmedia":[{"embeddable":true,"href":"https:\/\/promz.be\/fr\/wp-json\/wp\/v2\/media\/9521"}],"wp:attachment":[{"href":"https:\/\/promz.be\/fr\/wp-json\/wp\/v2\/media?parent=9846"}],"wp:term":[{"taxonomy":"product_cat","embeddable":true,"href":"https:\/\/promz.be\/fr\/wp-json\/wp\/v2\/product_cat?post=9846"},{"taxonomy":"product_tag","embeddable":true,"href":"https:\/\/promz.be\/fr\/wp-json\/wp\/v2\/product_tag?post=9846"}],"curies":[{"name":"wp","href":"https:\/\/api.w.org\/{rel}","templated":true}]}}