{"id":9849,"date":"2017-09-21T00:00:00","date_gmt":"2017-09-21T00:00:00","guid":{"rendered":"https:\/\/promz.be\/product\/mug-amsterdam\/"},"modified":"2018-07-18T08:36:17","modified_gmt":"2018-07-18T08:36:17","slug":"mug-amsterdam","status":"publish","type":"product","link":"https:\/\/promz.be\/fr\/product\/mug-amsterdam\/","title":{"rendered":"Mug Amsterdam"},"content":{"rendered":"<p>(Prix de d\u00e9part)<br \/>\n&nbsp;<\/p>\n<h3>Description<\/h3>\n<p>Mug blanc en porcelaine. Un des muges les plus vendus. Votre publicit\u00e9 est visible tous les jours. Possibilit\u00e9 de production en Express (voir conditions tarif Express). Contenance: 25 cl. Dimension: \u00d880&#215;95 mm.<\/p>\n<p>Quantit\u00e9 minimale: 45 (imprim\u00e9: 90)<\/p>\n","protected":false},"excerpt":{"rendered":"<p>(Prix de d\u00e9part)<br \/>\n&nbsp;<\/p>\n<h3>Description<\/h3>\n<p>Mug blanc en porcelaine. Un des muges les plus vendus. Votre publicit\u00e9 est visible tous les jours. Possibilit\u00e9 de production en Express (voir conditions tarif Express). Contenance: 25 cl. Dimension: \u00d880&#215;95 mm.<\/p>\n<p>Quantit\u00e9 minimale: 45 (imprim\u00e9: 90) [&#8230;]<\/p>\n<p><a class=\"btn btn-secondary understrap-read-more-link\" href=\"https:\/\/promz.be\/fr\/product\/mug-amsterdam\/\">Lire la suite&#8230;<\/a><\/p>\n","protected":false},"featured_media":9850,"comment_status":"closed","ping_status":"open","template":"","meta":[],"product_cat":[8745],"product_tag":[3308,3426,3427,3428,1294,1060],"_links":{"self":[{"href":"https:\/\/promz.be\/fr\/wp-json\/wp\/v2\/product\/9849"}],"collection":[{"href":"https:\/\/promz.be\/fr\/wp-json\/wp\/v2\/product"}],"about":[{"href":"https:\/\/promz.be\/fr\/wp-json\/wp\/v2\/types\/product"}],"replies":[{"embeddable":true,"href":"https:\/\/promz.be\/fr\/wp-json\/wp\/v2\/comments?post=9849"}],"wp:featuredmedia":[{"embeddable":true,"href":"https:\/\/promz.be\/fr\/wp-json\/wp\/v2\/media\/9850"}],"wp:attachment":[{"href":"https:\/\/promz.be\/fr\/wp-json\/wp\/v2\/media?parent=9849"}],"wp:term":[{"taxonomy":"product_cat","embeddable":true,"href":"https:\/\/promz.be\/fr\/wp-json\/wp\/v2\/product_cat?post=9849"},{"taxonomy":"product_tag","embeddable":true,"href":"https:\/\/promz.be\/fr\/wp-json\/wp\/v2\/product_tag?post=9849"}],"curies":[{"name":"wp","href":"https:\/\/api.w.org\/{rel}","templated":true}]}}