{"id":9855,"date":"2017-12-13T00:00:00","date_gmt":"2016-12-22T00:00:00","guid":{"rendered":"https:\/\/promz.be\/product\/set-appetitif-orbo\/"},"modified":"2016-12-22T00:00:00","modified_gmt":"2016-12-22T00:00:00","slug":"set-appetitif-orbo","status":"publish","type":"product","link":"https:\/\/promz.be\/fr\/product\/set-appetitif-orbo\/","title":{"rendered":"Set app\u00e9titif Orbo"},"content":{"rendered":"<p>(Prix de d\u00e9part)<br \/>\n&nbsp;<\/p>\n<h3>Description<\/h3>\n<p>Orbo est un ensemble de 3 coupelles permettant de porter, pr\u00e9senter et servir vos g\u00e2teaux ap\u00e9ritif pour une soir\u00e9e entre amis r\u00e9ussie. Mod\u00e8le d\u00e9pos\u00e9 \u00ae.<\/p>\n<p>Quantit\u00e9 minimale: 5 (imprim\u00e9: 10)<\/p>\n","protected":false},"excerpt":{"rendered":"<p>(Prix de d\u00e9part)<br \/>\n&nbsp;<\/p>\n<h3>Description<\/h3>\n<p>Orbo est un ensemble de 3 coupelles permettant de porter, pr\u00e9senter et servir vos g\u00e2teaux ap\u00e9ritif pour une soir\u00e9e entre amis r\u00e9ussie. Mod\u00e8le d\u00e9pos\u00e9 \u00ae.<\/p>\n<p>Quantit\u00e9 minimale: 5 (imprim\u00e9: 10) [&#8230;]<\/p>\n<p><a class=\"btn btn-secondary understrap-read-more-link\" href=\"https:\/\/promz.be\/fr\/product\/set-appetitif-orbo\/\">Lire la suite&#8230;<\/a><\/p>\n","protected":false},"featured_media":8018,"comment_status":"closed","ping_status":"open","template":"","meta":[],"product_cat":[988,950],"product_tag":[],"_links":{"self":[{"href":"https:\/\/promz.be\/fr\/wp-json\/wp\/v2\/product\/9855"}],"collection":[{"href":"https:\/\/promz.be\/fr\/wp-json\/wp\/v2\/product"}],"about":[{"href":"https:\/\/promz.be\/fr\/wp-json\/wp\/v2\/types\/product"}],"replies":[{"embeddable":true,"href":"https:\/\/promz.be\/fr\/wp-json\/wp\/v2\/comments?post=9855"}],"wp:featuredmedia":[{"embeddable":true,"href":"https:\/\/promz.be\/fr\/wp-json\/wp\/v2\/media\/8018"}],"wp:attachment":[{"href":"https:\/\/promz.be\/fr\/wp-json\/wp\/v2\/media?parent=9855"}],"wp:term":[{"taxonomy":"product_cat","embeddable":true,"href":"https:\/\/promz.be\/fr\/wp-json\/wp\/v2\/product_cat?post=9855"},{"taxonomy":"product_tag","embeddable":true,"href":"https:\/\/promz.be\/fr\/wp-json\/wp\/v2\/product_tag?post=9855"}],"curies":[{"name":"wp","href":"https:\/\/api.w.org\/{rel}","templated":true}]}}