{"id":9860,"date":"2016-12-20T00:00:00","date_gmt":"2016-12-20T00:00:00","guid":{"rendered":"https:\/\/promz.be\/product\/plaid-polaire-avec-housse\/"},"modified":"2016-12-20T00:00:00","modified_gmt":"2016-12-20T00:00:00","slug":"plaid-polaire-avec-housse","status":"publish","type":"product","link":"https:\/\/promz.be\/fr\/product\/plaid-polaire-avec-housse\/","title":{"rendered":"Plaid polaire avec housse"},"content":{"rendered":"<p>(Prix de d\u00e9part)<br \/>\n&nbsp;<\/p>\n<h3>Description<\/h3>\n<p>Plaid polaire avec housse. Un confort maximal et id\u00e9al en toutes occasions avec une poign\u00e9e tr\u00e9s pratique. Sous pochette nylon 190T.Polaire 200 gr\/m2.<\/p>\n<p>Quantit\u00e9 minimale: 10 (imprim\u00e9: 25)<\/p>\n","protected":false},"excerpt":{"rendered":"<p>(Prix de d\u00e9part)<br \/>\n&nbsp;<\/p>\n<h3>Description<\/h3>\n<p>Plaid polaire avec housse. Un confort maximal et id\u00e9al en toutes occasions avec une poign\u00e9e tr\u00e9s pratique. Sous pochette nylon 190T.Polaire 200 gr\/m2.<\/p>\n<p>Quantit\u00e9 minimale: 10 (imprim\u00e9: 25) [&#8230;]<\/p>\n<p><a class=\"btn btn-secondary understrap-read-more-link\" href=\"https:\/\/promz.be\/fr\/product\/plaid-polaire-avec-housse\/\">Lire la suite&#8230;<\/a><\/p>\n","protected":false},"featured_media":8383,"comment_status":"closed","ping_status":"open","template":"","meta":[],"product_cat":[8745],"product_tag":[1294,3441,3442,3443,1060],"_links":{"self":[{"href":"https:\/\/promz.be\/fr\/wp-json\/wp\/v2\/product\/9860"}],"collection":[{"href":"https:\/\/promz.be\/fr\/wp-json\/wp\/v2\/product"}],"about":[{"href":"https:\/\/promz.be\/fr\/wp-json\/wp\/v2\/types\/product"}],"replies":[{"embeddable":true,"href":"https:\/\/promz.be\/fr\/wp-json\/wp\/v2\/comments?post=9860"}],"wp:featuredmedia":[{"embeddable":true,"href":"https:\/\/promz.be\/fr\/wp-json\/wp\/v2\/media\/8383"}],"wp:attachment":[{"href":"https:\/\/promz.be\/fr\/wp-json\/wp\/v2\/media?parent=9860"}],"wp:term":[{"taxonomy":"product_cat","embeddable":true,"href":"https:\/\/promz.be\/fr\/wp-json\/wp\/v2\/product_cat?post=9860"},{"taxonomy":"product_tag","embeddable":true,"href":"https:\/\/promz.be\/fr\/wp-json\/wp\/v2\/product_tag?post=9860"}],"curies":[{"name":"wp","href":"https:\/\/api.w.org\/{rel}","templated":true}]}}