{"id":9861,"date":"2017-08-17T00:00:00","date_gmt":"2017-08-17T00:00:00","guid":{"rendered":"https:\/\/promz.be\/product\/podometre-solaire\/"},"modified":"2018-07-18T08:36:21","modified_gmt":"2018-07-18T08:36:21","slug":"podometre-solaire","status":"publish","type":"product","link":"https:\/\/promz.be\/fr\/product\/podometre-solaire\/","title":{"rendered":"Podom\u00e8tre solaire"},"content":{"rendered":"<p>(Prix de d\u00e9part)<br \/>\n&nbsp;<\/p>\n<h3>Description<\/h3>\n<p>Podom\u00e8tre solaire. Podom\u00e8tre \u00e0 \u00e9nergie solaire pour le calcul des pas, de la distance parcourue et des calories br\u00fbl\u00e9es.<\/p>\n<p>Quantit\u00e9 minimale: 25 (imprim\u00e9: 50)<\/p>\n","protected":false},"excerpt":{"rendered":"<p>(Prix de d\u00e9part)<br \/>\n&nbsp;<\/p>\n<h3>Description<\/h3>\n<p>Podom\u00e8tre solaire. Podom\u00e8tre \u00e0 \u00e9nergie solaire pour le calcul des pas, de la distance parcourue et des calories br\u00fbl\u00e9es.<\/p>\n<p>Quantit\u00e9 minimale: 25 (imprim\u00e9: 50) [&#8230;]<\/p>\n<p><a class=\"btn btn-secondary understrap-read-more-link\" href=\"https:\/\/promz.be\/fr\/product\/podometre-solaire\/\">Lire la suite&#8230;<\/a><\/p>\n","protected":false},"featured_media":9862,"comment_status":"closed","ping_status":"open","template":"","meta":[],"product_cat":[1023,953],"product_tag":[1294,3444,3445,3446,3447,1060],"_links":{"self":[{"href":"https:\/\/promz.be\/fr\/wp-json\/wp\/v2\/product\/9861"}],"collection":[{"href":"https:\/\/promz.be\/fr\/wp-json\/wp\/v2\/product"}],"about":[{"href":"https:\/\/promz.be\/fr\/wp-json\/wp\/v2\/types\/product"}],"replies":[{"embeddable":true,"href":"https:\/\/promz.be\/fr\/wp-json\/wp\/v2\/comments?post=9861"}],"wp:featuredmedia":[{"embeddable":true,"href":"https:\/\/promz.be\/fr\/wp-json\/wp\/v2\/media\/9862"}],"wp:attachment":[{"href":"https:\/\/promz.be\/fr\/wp-json\/wp\/v2\/media?parent=9861"}],"wp:term":[{"taxonomy":"product_cat","embeddable":true,"href":"https:\/\/promz.be\/fr\/wp-json\/wp\/v2\/product_cat?post=9861"},{"taxonomy":"product_tag","embeddable":true,"href":"https:\/\/promz.be\/fr\/wp-json\/wp\/v2\/product_tag?post=9861"}],"curies":[{"name":"wp","href":"https:\/\/api.w.org\/{rel}","templated":true}]}}