{"id":9865,"date":"2018-07-07T00:00:00","date_gmt":"2017-12-20T00:00:00","guid":{"rendered":"https:\/\/promz.be\/product\/porte-cles-avec-jeton-et-lampe-torche-allegro\/"},"modified":"2019-07-18T16:25:44","modified_gmt":"2019-07-18T14:25:44","slug":"porte-cles-avec-jeton-et-lampe-torche-allegro","status":"publish","type":"product","link":"https:\/\/promz.be\/fr\/product\/porte-cles-avec-jeton-et-lampe-torche-allegro\/","title":{"rendered":"Porte-cl\u00e9s avec jeton et lampe-torche Allegro"},"content":{"rendered":"<h2>Porte-cl\u00e9s avec jeton et lampe-torche Allegro<\/h2>\n<p>Porte-cl\u00e9s avec LED et jeton en plastique de la taille d&#8217;un euro avec trou de 6 mm de diam\u00e8tre et porte-jeton. Anneau m\u00e9tallique fendu de 25mm de diam\u00e8tre. Piles fournies et ins\u00e9r\u00e9es.<\/p>\n<p>Quantit\u00e9 Minimale: 50 (imprim\u00e9: 250)<\/p>\n","protected":false},"excerpt":{"rendered":"<h2>Porte-cl\u00e9s avec jeton et lampe-torche Allegro<\/h2>\n<p>Porte-cl\u00e9s avec LED et jeton en plastique de la taille d&#8217;un euro avec trou de 6 mm de diam\u00e8tre et porte-jeton. Anneau m\u00e9tallique fendu de 25mm de diam\u00e8tre. Piles fournies et ins\u00e9r\u00e9es.<\/p>\n<p>Quantit\u00e9 Minimale: 50 (imprim\u00e9: 250) [&#8230;]<\/p>\n<p><a class=\"btn btn-secondary understrap-read-more-link\" href=\"https:\/\/promz.be\/fr\/product\/porte-cles-avec-jeton-et-lampe-torche-allegro\/\">Lire la suite&#8230;<\/a><\/p>\n","protected":false},"featured_media":23411,"comment_status":"closed","ping_status":"closed","template":"","meta":[],"product_cat":[948,1018],"product_tag":[],"_links":{"self":[{"href":"https:\/\/promz.be\/fr\/wp-json\/wp\/v2\/product\/9865"}],"collection":[{"href":"https:\/\/promz.be\/fr\/wp-json\/wp\/v2\/product"}],"about":[{"href":"https:\/\/promz.be\/fr\/wp-json\/wp\/v2\/types\/product"}],"replies":[{"embeddable":true,"href":"https:\/\/promz.be\/fr\/wp-json\/wp\/v2\/comments?post=9865"}],"wp:featuredmedia":[{"embeddable":true,"href":"https:\/\/promz.be\/fr\/wp-json\/wp\/v2\/media\/23411"}],"wp:attachment":[{"href":"https:\/\/promz.be\/fr\/wp-json\/wp\/v2\/media?parent=9865"}],"wp:term":[{"taxonomy":"product_cat","embeddable":true,"href":"https:\/\/promz.be\/fr\/wp-json\/wp\/v2\/product_cat?post=9865"},{"taxonomy":"product_tag","embeddable":true,"href":"https:\/\/promz.be\/fr\/wp-json\/wp\/v2\/product_tag?post=9865"}],"curies":[{"name":"wp","href":"https:\/\/api.w.org\/{rel}","templated":true}]}}