{"id":9870,"date":"2016-12-20T00:00:00","date_gmt":"2016-12-20T00:00:00","guid":{"rendered":"https:\/\/promz.be\/product\/porte-cles-torche-led\/"},"modified":"2016-12-20T00:00:00","modified_gmt":"2016-12-20T00:00:00","slug":"porte-cles-torche-led","status":"publish","type":"product","link":"https:\/\/promz.be\/fr\/product\/porte-cles-torche-led\/","title":{"rendered":"Porte-cl\u00e9s torche LED"},"content":{"rendered":"<p>(Prix de d\u00e9part)<br \/>\n&nbsp;<\/p>\n<h3>Description<\/h3>\n<p>Porte-cl\u00e9s torche LED. Lumi\u00e8re LED. Id\u00e9al pour mettre votre logo.<\/p>\n<p>Quantit\u00e9 minimale: 50 (imprim\u00e9: 100)<\/p>\n","protected":false},"excerpt":{"rendered":"<p>(Prix de d\u00e9part)<br \/>\n&nbsp;<\/p>\n<h3>Description<\/h3>\n<p>Porte-cl\u00e9s torche LED. Lumi\u00e8re LED. Id\u00e9al pour mettre votre logo.<\/p>\n<p>Quantit\u00e9 minimale: 50 (imprim\u00e9: 100) [&#8230;]<\/p>\n<p><a class=\"btn btn-secondary understrap-read-more-link\" href=\"https:\/\/promz.be\/fr\/product\/porte-cles-torche-led\/\">Lire la suite&#8230;<\/a><\/p>\n","protected":false},"featured_media":8975,"comment_status":"closed","ping_status":"open","template":"","meta":[],"product_cat":[948,1018],"product_tag":[1294,3286,3453,3454,1060],"_links":{"self":[{"href":"https:\/\/promz.be\/fr\/wp-json\/wp\/v2\/product\/9870"}],"collection":[{"href":"https:\/\/promz.be\/fr\/wp-json\/wp\/v2\/product"}],"about":[{"href":"https:\/\/promz.be\/fr\/wp-json\/wp\/v2\/types\/product"}],"replies":[{"embeddable":true,"href":"https:\/\/promz.be\/fr\/wp-json\/wp\/v2\/comments?post=9870"}],"wp:featuredmedia":[{"embeddable":true,"href":"https:\/\/promz.be\/fr\/wp-json\/wp\/v2\/media\/8975"}],"wp:attachment":[{"href":"https:\/\/promz.be\/fr\/wp-json\/wp\/v2\/media?parent=9870"}],"wp:term":[{"taxonomy":"product_cat","embeddable":true,"href":"https:\/\/promz.be\/fr\/wp-json\/wp\/v2\/product_cat?post=9870"},{"taxonomy":"product_tag","embeddable":true,"href":"https:\/\/promz.be\/fr\/wp-json\/wp\/v2\/product_tag?post=9870"}],"curies":[{"name":"wp","href":"https:\/\/api.w.org\/{rel}","templated":true}]}}