{"id":9872,"date":"2017-11-09T00:00:00","date_gmt":"2017-11-09T00:00:00","guid":{"rendered":"https:\/\/promz.be\/product\/sac-a-dos-ozark\/"},"modified":"2018-07-18T08:36:28","modified_gmt":"2018-07-18T08:36:28","slug":"sac-a-dos-ozark","status":"publish","type":"product","link":"https:\/\/promz.be\/fr\/product\/sac-a-dos-ozark\/","title":{"rendered":"Sac a dos Ozark"},"content":{"rendered":"<p>(Prix de d\u00e9part)<br \/>\n&nbsp;<\/p>\n<h3>Description<\/h3>\n<p>Sac \u00e0 dos Ozark. Large compartiment principal zipp\u00e9. Poches int\u00e9rieures zipp\u00e9es. Poche frontale zipp\u00e9e avec port pour \u00e9couteurs. Bretelles matelass\u00e9es ajustables et poign\u00e9e renforc\u00e9e. Polyester 600D.<\/p>\n<p>Quantit\u00e9 minimale: 5 (imprim\u00e9: 10)<\/p>\n","protected":false},"excerpt":{"rendered":"<p>(Prix de d\u00e9part)<br \/>\n&nbsp;<\/p>\n<h3>Description<\/h3>\n<p>Sac \u00e0 dos Ozark. Large compartiment principal zipp\u00e9. Poches int\u00e9rieures zipp\u00e9es. Poche frontale zipp\u00e9e avec port pour \u00e9couteurs. Bretelles matelass\u00e9es ajustables et poign\u00e9e renforc\u00e9e. Polyester 600D.<\/p>\n<p>Quantit\u00e9 minimale: 5 (imprim\u00e9: 10) [&#8230;]<\/p>\n<p><a class=\"btn btn-secondary understrap-read-more-link\" href=\"https:\/\/promz.be\/fr\/product\/sac-a-dos-ozark\/\">Lire la suite&#8230;<\/a><\/p>\n","protected":false},"featured_media":7658,"comment_status":"closed","ping_status":"open","template":"","meta":[],"product_cat":[8745],"product_tag":[1294,1060,3207,3458,3459],"_links":{"self":[{"href":"https:\/\/promz.be\/fr\/wp-json\/wp\/v2\/product\/9872"}],"collection":[{"href":"https:\/\/promz.be\/fr\/wp-json\/wp\/v2\/product"}],"about":[{"href":"https:\/\/promz.be\/fr\/wp-json\/wp\/v2\/types\/product"}],"replies":[{"embeddable":true,"href":"https:\/\/promz.be\/fr\/wp-json\/wp\/v2\/comments?post=9872"}],"wp:featuredmedia":[{"embeddable":true,"href":"https:\/\/promz.be\/fr\/wp-json\/wp\/v2\/media\/7658"}],"wp:attachment":[{"href":"https:\/\/promz.be\/fr\/wp-json\/wp\/v2\/media?parent=9872"}],"wp:term":[{"taxonomy":"product_cat","embeddable":true,"href":"https:\/\/promz.be\/fr\/wp-json\/wp\/v2\/product_cat?post=9872"},{"taxonomy":"product_tag","embeddable":true,"href":"https:\/\/promz.be\/fr\/wp-json\/wp\/v2\/product_tag?post=9872"}],"curies":[{"name":"wp","href":"https:\/\/api.w.org\/{rel}","templated":true}]}}