{"id":9873,"date":"2018-02-21T00:00:00","date_gmt":"2018-02-21T00:00:00","guid":{"rendered":"https:\/\/promz.be\/product\/sac-a-dos-premium-lux\/"},"modified":"2018-07-18T08:36:28","modified_gmt":"2018-07-18T08:36:28","slug":"sac-a-dos-premium-lux","status":"publish","type":"product","link":"https:\/\/promz.be\/fr\/product\/sac-a-dos-premium-lux\/","title":{"rendered":"Sac \u00e0 dos premium Lux"},"content":{"rendered":"<p>(Prix de d\u00e9part)<br \/>\n&nbsp;<\/p>\n<h3>Description<\/h3>\n<p>Sac \u00e0 dos premium. Ce sac \u00e0 dos d&#8217;une contenance 18 litres est tr\u00e9s l\u00e9ger et tr\u00e9s utile. Il dispose d&#8217;une double cordelette de serrage ajustable nou\u00e9e aux deux \u0153illets m\u00e9talliques accroch\u00e9s \u00e0 deux coins renforc\u00e9s. Polyester 210D.<\/p>\n<p>Quantit\u00e9 Minimale: 50 (imprim\u00e9: 100)<\/p>\n","protected":false},"excerpt":{"rendered":"<p>(Prix de d\u00e9part)<br \/>\n&nbsp;<\/p>\n<h3>Description<\/h3>\n<p>Sac \u00e0 dos premium. Ce sac \u00e0 dos d&#8217;une contenance 18 litres est tr\u00e9s l\u00e9ger et tr\u00e9s utile. Il dispose d&#8217;une double cordelette de serrage ajustable nou\u00e9e aux deux \u0153illets m\u00e9talliques accroch\u00e9s \u00e0 deux coins renforc\u00e9s. Polyester 210D.<\/p>\n<p>Quantit\u00e9 Minimale: 50 (imprim\u00e9: 100) [&#8230;]<\/p>\n<p><a class=\"btn btn-secondary understrap-read-more-link\" href=\"https:\/\/promz.be\/fr\/product\/sac-a-dos-premium-lux\/\">Lire la suite&#8230;<\/a><\/p>\n","protected":false},"featured_media":9874,"comment_status":"closed","ping_status":"open","template":"","meta":[],"product_cat":[8745],"product_tag":[1294,1060,3207,3458,3460,3461,3462,3463,3464,3465],"_links":{"self":[{"href":"https:\/\/promz.be\/fr\/wp-json\/wp\/v2\/product\/9873"}],"collection":[{"href":"https:\/\/promz.be\/fr\/wp-json\/wp\/v2\/product"}],"about":[{"href":"https:\/\/promz.be\/fr\/wp-json\/wp\/v2\/types\/product"}],"replies":[{"embeddable":true,"href":"https:\/\/promz.be\/fr\/wp-json\/wp\/v2\/comments?post=9873"}],"wp:featuredmedia":[{"embeddable":true,"href":"https:\/\/promz.be\/fr\/wp-json\/wp\/v2\/media\/9874"}],"wp:attachment":[{"href":"https:\/\/promz.be\/fr\/wp-json\/wp\/v2\/media?parent=9873"}],"wp:term":[{"taxonomy":"product_cat","embeddable":true,"href":"https:\/\/promz.be\/fr\/wp-json\/wp\/v2\/product_cat?post=9873"},{"taxonomy":"product_tag","embeddable":true,"href":"https:\/\/promz.be\/fr\/wp-json\/wp\/v2\/product_tag?post=9873"}],"curies":[{"name":"wp","href":"https:\/\/api.w.org\/{rel}","templated":true}]}}