{"id":9876,"date":"2017-09-01T00:00:00","date_gmt":"2017-09-01T00:00:00","guid":{"rendered":"https:\/\/promz.be\/product\/sac-a-dos-trend-centrixx\/"},"modified":"2018-07-18T08:36:29","modified_gmt":"2018-07-18T08:36:29","slug":"sac-a-dos-trend-centrixx","status":"publish","type":"product","link":"https:\/\/promz.be\/fr\/product\/sac-a-dos-trend-centrixx\/","title":{"rendered":"Sac \u00e0 dos Trend Centrixx"},"content":{"rendered":"<p>(Prix de d\u00e9part)<br \/>\n&nbsp;<\/p>\n<h3>Description<\/h3>\n<p>Sac \u00e0 dos Trend. Sac \u00e0 dos tr\u00e9s pratique gr\u00e2ce \u00e0 ses 3 poches frontales (2 zipp\u00e9es et une scratch\u00e9e), et \u00e0 son compartiment principal \u00e0 grande ouverture double zip avec cordons \u00e9lastiques. Son fond est renforc\u00e9. Dos et bretelles matelass\u00e9s ajustables. Polyester 600D.<\/p>\n<p>Quantit\u00e9 minimale: 10 (imprim\u00e9: 50)<\/p>\n","protected":false},"excerpt":{"rendered":"<p>(Prix de d\u00e9part)<br \/>\n&nbsp;<\/p>\n<h3>Description<\/h3>\n<p>Sac \u00e0 dos Trend. Sac \u00e0 dos tr\u00e9s pratique gr\u00e2ce \u00e0 ses 3 poches frontales (2 zipp\u00e9es et une scratch\u00e9e), et \u00e0 son compartiment principal \u00e0 grande ouverture double zip avec cordons \u00e9lastiques. Son fond est renforc\u00e9. Dos et bretelles matelass\u00e9s ajustables. Polyester 600D.<\/p>\n<p>Quantit\u00e9 minimale: 10 (imprim\u00e9: 50) [&#8230;]<\/p>\n<p><a class=\"btn btn-secondary understrap-read-more-link\" href=\"https:\/\/promz.be\/fr\/product\/sac-a-dos-trend-centrixx\/\">Lire la suite&#8230;<\/a><\/p>\n","protected":false},"featured_media":9877,"comment_status":"closed","ping_status":"open","template":"","meta":[],"product_cat":[8745],"product_tag":[1294,1060,3207,3466,3467,3462,3463],"_links":{"self":[{"href":"https:\/\/promz.be\/fr\/wp-json\/wp\/v2\/product\/9876"}],"collection":[{"href":"https:\/\/promz.be\/fr\/wp-json\/wp\/v2\/product"}],"about":[{"href":"https:\/\/promz.be\/fr\/wp-json\/wp\/v2\/types\/product"}],"replies":[{"embeddable":true,"href":"https:\/\/promz.be\/fr\/wp-json\/wp\/v2\/comments?post=9876"}],"wp:featuredmedia":[{"embeddable":true,"href":"https:\/\/promz.be\/fr\/wp-json\/wp\/v2\/media\/9877"}],"wp:attachment":[{"href":"https:\/\/promz.be\/fr\/wp-json\/wp\/v2\/media?parent=9876"}],"wp:term":[{"taxonomy":"product_cat","embeddable":true,"href":"https:\/\/promz.be\/fr\/wp-json\/wp\/v2\/product_cat?post=9876"},{"taxonomy":"product_tag","embeddable":true,"href":"https:\/\/promz.be\/fr\/wp-json\/wp\/v2\/product_tag?post=9876"}],"curies":[{"name":"wp","href":"https:\/\/api.w.org\/{rel}","templated":true}]}}