{"id":9880,"date":"2017-12-28T00:00:00","date_gmt":"2017-12-28T00:00:00","guid":{"rendered":"https:\/\/promz.be\/product\/sac-shopping-convention\/"},"modified":"2018-07-18T08:36:30","modified_gmt":"2018-07-18T08:36:30","slug":"sac-shopping-convention","status":"publish","type":"product","link":"https:\/\/promz.be\/fr\/product\/sac-shopping-convention\/","title":{"rendered":"Sac shopping Convention"},"content":{"rendered":"<p>(Prix de d\u00e9part)<br \/>\n&nbsp;<\/p>\n<h3>Description<\/h3>\n<p>Sac shopping Convention. Sac shopping design avec un grand compartiment principal. Ses poign\u00e9es renforc\u00e9es, d&#8217;une hauteur de 29.2 cms, sont un v\u00e9ritable plus. Polypropyl\u00e8ne non tiss\u00e9 80 gr.<\/p>\n<p>Quantit\u00e9 Minimale: 50 (imprim\u00e9: 100)<\/p>\n","protected":false},"excerpt":{"rendered":"<p>(Prix de d\u00e9part)<br \/>\n&nbsp;<\/p>\n<h3>Description<\/h3>\n<p>Sac shopping Convention. Sac shopping design avec un grand compartiment principal. Ses poign\u00e9es renforc\u00e9es, d&#8217;une hauteur de 29.2 cms, sont un v\u00e9ritable plus. Polypropyl\u00e8ne non tiss\u00e9 80 gr.<\/p>\n<p>Quantit\u00e9 Minimale: 50 (imprim\u00e9: 100) [&#8230;]<\/p>\n<p><a class=\"btn btn-secondary understrap-read-more-link\" href=\"https:\/\/promz.be\/fr\/product\/sac-shopping-convention\/\">Lire la suite&#8230;<\/a><\/p>\n","protected":false},"featured_media":9881,"comment_status":"closed","ping_status":"open","template":"","meta":[],"product_cat":[8745],"product_tag":[1294,1060,2876,3472,3473,3474],"_links":{"self":[{"href":"https:\/\/promz.be\/fr\/wp-json\/wp\/v2\/product\/9880"}],"collection":[{"href":"https:\/\/promz.be\/fr\/wp-json\/wp\/v2\/product"}],"about":[{"href":"https:\/\/promz.be\/fr\/wp-json\/wp\/v2\/types\/product"}],"replies":[{"embeddable":true,"href":"https:\/\/promz.be\/fr\/wp-json\/wp\/v2\/comments?post=9880"}],"wp:featuredmedia":[{"embeddable":true,"href":"https:\/\/promz.be\/fr\/wp-json\/wp\/v2\/media\/9881"}],"wp:attachment":[{"href":"https:\/\/promz.be\/fr\/wp-json\/wp\/v2\/media?parent=9880"}],"wp:term":[{"taxonomy":"product_cat","embeddable":true,"href":"https:\/\/promz.be\/fr\/wp-json\/wp\/v2\/product_cat?post=9880"},{"taxonomy":"product_tag","embeddable":true,"href":"https:\/\/promz.be\/fr\/wp-json\/wp\/v2\/product_tag?post=9880"}],"curies":[{"name":"wp","href":"https:\/\/api.w.org\/{rel}","templated":true}]}}