{"id":9887,"date":"2018-03-26T00:00:00","date_gmt":"2018-03-26T00:00:00","guid":{"rendered":"https:\/\/promz.be\/product\/les-tapis-de-souris-tyre-brite-mat\/"},"modified":"2018-07-18T08:36:32","modified_gmt":"2018-07-18T08:36:32","slug":"les-tapis-de-souris-tyre-brite-mat","status":"publish","type":"product","link":"https:\/\/promz.be\/fr\/product\/les-tapis-de-souris-tyre-brite-mat\/","title":{"rendered":"Les tapis de souris Tyre Brite-Mat"},"content":{"rendered":"<p>(Prix de d\u00e9part)<br \/>\n&nbsp;<\/p>\n<h3>Description<\/h3>\n<p>Se composent de 99,5% de mati\u00e8res recycl\u00e9es !\u00a0 Les tapis de souris Tyre Brite-Mat offrent d\u2019incroyables reproductions de couleurs, que ce soit en couleurs Pantone ou en quadrichromie. Le tapis de souris Tyre Brite-Mat est con\u00e7u sp\u00e9cialement pour les souris optiques (Il convient aussi parfaitement pour les souris traditionnelles). Les tapis de souris Tyre Brite-Mat sont disponibles en format rectangulaire (240 x 190 mm) ou rond (200 mm de diam\u00e8tre). Non seulement les tapis de souris Tyre Brite-Mat sont uniques, mais ils sont aussi tr\u00e8s comp\u00e9titifs au niveau du prix. Impression &#8220;Full Colour&#8221;.<\/p>\n<p>Quantit\u00e9 minimale: 63 (imprim\u00e9: 125)<\/p>\n","protected":false},"excerpt":{"rendered":"<p>(Prix de d\u00e9part)<br \/>\n&nbsp;<\/p>\n<h3>Description<\/h3>\n<p>Se composent de 99,5% de mati\u00e8res recycl\u00e9es !\u00a0 Les tapis de souris Tyre Brite-Mat offrent d\u2019incroyables reproductions de couleurs, que ce soit en couleurs Pantone ou en quadrichromie. Le tapis de souris Tyre Brite-Mat est con\u00e7u sp\u00e9cialement pour les souris optiques (Il convient aussi parfaitement pour les souris traditionnelles). Les tapis de souris Tyre Brite-Mat sont disponibles en format rectangulaire (240 x 190 mm) ou rond (200 mm de diam\u00e8tre). Non seulement les tapis de souris Tyre Brite-Mat sont uniques, mais ils sont aussi tr\u00e8s comp\u00e9titifs au niveau du prix. Impression &#8220;Full Colour&#8221;.<\/p>\n<p>Quantit\u00e9 minimale: 63 (imprim\u00e9: 125) [&#8230;]<\/p>\n<p><a class=\"btn btn-secondary understrap-read-more-link\" href=\"https:\/\/promz.be\/fr\/product\/les-tapis-de-souris-tyre-brite-mat\/\">Lire la suite&#8230;<\/a><\/p>\n","protected":false},"featured_media":9888,"comment_status":"closed","ping_status":"open","template":"","meta":[],"product_cat":[8745],"product_tag":[3481,1294,1060,3482,3483],"_links":{"self":[{"href":"https:\/\/promz.be\/fr\/wp-json\/wp\/v2\/product\/9887"}],"collection":[{"href":"https:\/\/promz.be\/fr\/wp-json\/wp\/v2\/product"}],"about":[{"href":"https:\/\/promz.be\/fr\/wp-json\/wp\/v2\/types\/product"}],"replies":[{"embeddable":true,"href":"https:\/\/promz.be\/fr\/wp-json\/wp\/v2\/comments?post=9887"}],"wp:featuredmedia":[{"embeddable":true,"href":"https:\/\/promz.be\/fr\/wp-json\/wp\/v2\/media\/9888"}],"wp:attachment":[{"href":"https:\/\/promz.be\/fr\/wp-json\/wp\/v2\/media?parent=9887"}],"wp:term":[{"taxonomy":"product_cat","embeddable":true,"href":"https:\/\/promz.be\/fr\/wp-json\/wp\/v2\/product_cat?post=9887"},{"taxonomy":"product_tag","embeddable":true,"href":"https:\/\/promz.be\/fr\/wp-json\/wp\/v2\/product_tag?post=9887"}],"curies":[{"name":"wp","href":"https:\/\/api.w.org\/{rel}","templated":true}]}}