{"id":9891,"date":"2017-11-10T00:00:00","date_gmt":"2016-12-22T00:00:00","guid":{"rendered":"https:\/\/promz.be\/product\/set-a-vin-5-pieces-dans-boite\/"},"modified":"2016-12-22T00:00:00","modified_gmt":"2016-12-22T00:00:00","slug":"set-a-vin-5-pieces-dans-boite","status":"publish","type":"product","link":"https:\/\/promz.be\/fr\/product\/set-a-vin-5-pieces-dans-boite\/","title":{"rendered":"Set \u00e0 vin 5 pi\u00e8ces dans bo\u00eete"},"content":{"rendered":"<p>(Prix de d\u00e9part)<br \/>\n&nbsp;<\/p>\n<h3>Description<\/h3>\n<p>Set \u00e0 vin pr\u00e9sent\u00e9 dans une bo\u00eete en forme de livre en papier. Avec bouchon, tire-bouchon, collier et thermom\u00e8tre.<\/p>\n<p>Quantit\u00e9 minimale: 10 (imprim\u00e9: 25)<\/p>\n","protected":false},"excerpt":{"rendered":"<p>(Prix de d\u00e9part)<br \/>\n&nbsp;<\/p>\n<h3>Description<\/h3>\n<p>Set \u00e0 vin pr\u00e9sent\u00e9 dans une bo\u00eete en forme de livre en papier. Avec bouchon, tire-bouchon, collier et thermom\u00e8tre.<\/p>\n<p>Quantit\u00e9 minimale: 10 (imprim\u00e9: 25) [&#8230;]<\/p>\n<p><a class=\"btn btn-secondary understrap-read-more-link\" href=\"https:\/\/promz.be\/fr\/product\/set-a-vin-5-pieces-dans-boite\/\">Lire la suite&#8230;<\/a><\/p>\n","protected":false},"featured_media":9481,"comment_status":"closed","ping_status":"open","template":"","meta":[],"product_cat":[947,1036],"product_tag":[],"_links":{"self":[{"href":"https:\/\/promz.be\/fr\/wp-json\/wp\/v2\/product\/9891"}],"collection":[{"href":"https:\/\/promz.be\/fr\/wp-json\/wp\/v2\/product"}],"about":[{"href":"https:\/\/promz.be\/fr\/wp-json\/wp\/v2\/types\/product"}],"replies":[{"embeddable":true,"href":"https:\/\/promz.be\/fr\/wp-json\/wp\/v2\/comments?post=9891"}],"wp:featuredmedia":[{"embeddable":true,"href":"https:\/\/promz.be\/fr\/wp-json\/wp\/v2\/media\/9481"}],"wp:attachment":[{"href":"https:\/\/promz.be\/fr\/wp-json\/wp\/v2\/media?parent=9891"}],"wp:term":[{"taxonomy":"product_cat","embeddable":true,"href":"https:\/\/promz.be\/fr\/wp-json\/wp\/v2\/product_cat?post=9891"},{"taxonomy":"product_tag","embeddable":true,"href":"https:\/\/promz.be\/fr\/wp-json\/wp\/v2\/product_tag?post=9891"}],"curies":[{"name":"wp","href":"https:\/\/api.w.org\/{rel}","templated":true}]}}