{"id":9899,"date":"2018-05-04T00:00:00","date_gmt":"2018-05-04T00:00:00","guid":{"rendered":"https:\/\/promz.be\/product\/stick-baume-protection-spf15\/"},"modified":"2018-07-18T08:36:37","modified_gmt":"2018-07-18T08:36:37","slug":"stick-baume-protection-spf15","status":"publish","type":"product","link":"https:\/\/promz.be\/fr\/product\/stick-baume-protection-spf15\/","title":{"rendered":"Stick-baume protection SPF15"},"content":{"rendered":"<p>(Prix de d\u00e9part)<br \/>\n&nbsp;<\/p>\n<h3>Description<\/h3>\n<p>Stick-baume \u00e0 l\u00e8vres colori givr\u00e9. Ce lipbalm garde vos l\u00e8vres humides et les prot\u00e8ge des agressions ext\u00e8rieures. Enrichi de la protection SPF15.<\/p>\n<p>Quantite Minimale: 100 (imprim\u00e9: 250)<\/p>\n","protected":false},"excerpt":{"rendered":"<p>(Prix de d\u00e9part)<br \/>\n&nbsp;<\/p>\n<h3>Description<\/h3>\n<p>Stick-baume \u00e0 l\u00e8vres colori givr\u00e9. Ce lipbalm garde vos l\u00e8vres humides et les prot\u00e8ge des agressions ext\u00e8rieures. Enrichi de la protection SPF15.<\/p>\n<p>Quantite Minimale: 100 (imprim\u00e9: 250) [&#8230;]<\/p>\n<p><a class=\"btn btn-secondary understrap-read-more-link\" href=\"https:\/\/promz.be\/fr\/product\/stick-baume-protection-spf15\/\">Lire la suite&#8230;<\/a><\/p>\n","protected":false},"featured_media":9900,"comment_status":"closed","ping_status":"open","template":"","meta":[],"product_cat":[8745],"product_tag":[3504,1294,1060,3505,3506,1396],"_links":{"self":[{"href":"https:\/\/promz.be\/fr\/wp-json\/wp\/v2\/product\/9899"}],"collection":[{"href":"https:\/\/promz.be\/fr\/wp-json\/wp\/v2\/product"}],"about":[{"href":"https:\/\/promz.be\/fr\/wp-json\/wp\/v2\/types\/product"}],"replies":[{"embeddable":true,"href":"https:\/\/promz.be\/fr\/wp-json\/wp\/v2\/comments?post=9899"}],"wp:featuredmedia":[{"embeddable":true,"href":"https:\/\/promz.be\/fr\/wp-json\/wp\/v2\/media\/9900"}],"wp:attachment":[{"href":"https:\/\/promz.be\/fr\/wp-json\/wp\/v2\/media?parent=9899"}],"wp:term":[{"taxonomy":"product_cat","embeddable":true,"href":"https:\/\/promz.be\/fr\/wp-json\/wp\/v2\/product_cat?post=9899"},{"taxonomy":"product_tag","embeddable":true,"href":"https:\/\/promz.be\/fr\/wp-json\/wp\/v2\/product_tag?post=9899"}],"curies":[{"name":"wp","href":"https:\/\/api.w.org\/{rel}","templated":true}]}}