{"id":9905,"date":"2018-02-01T00:00:00","date_gmt":"2018-02-01T00:00:00","guid":{"rendered":"https:\/\/promz.be\/product\/sparta-music-splitter\/"},"modified":"2018-07-18T08:36:38","modified_gmt":"2018-07-18T08:36:38","slug":"sparta-music-splitter","status":"publish","type":"product","link":"https:\/\/promz.be\/fr\/product\/sparta-music-splitter\/","title":{"rendered":"Sparta Music splitter"},"content":{"rendered":"<p>(Prix de d\u00e9part)<br \/>\n&nbsp;<\/p>\n<h3>Description<\/h3>\n<p>Suport t\u00e9l\u00e9phone avec prises pour \u00e9couteurs. Ce support t\u00e9l\u00e9phone avec son syst\u00e8me ventouse dispose de prises pour \u00e9couteurs. Il permet \u00e0 deux personnes d&#8217;\u00e9couter de la musique depuis le m\u00eame appareil avec leurs propres \u00e9couteurs. Plastique.<\/p>\n<p>Quantit\u00e9 minimale: 25 (imprim\u00e9: 50)<\/p>\n","protected":false},"excerpt":{"rendered":"<p>(Prix de d\u00e9part)<br \/>\n&nbsp;<\/p>\n<h3>Description<\/h3>\n<p>Suport t\u00e9l\u00e9phone avec prises pour \u00e9couteurs. Ce support t\u00e9l\u00e9phone avec son syst\u00e8me ventouse dispose de prises pour \u00e9couteurs. Il permet \u00e0 deux personnes d&#8217;\u00e9couter de la musique depuis le m\u00eame appareil avec leurs propres \u00e9couteurs. Plastique.<\/p>\n<p>Quantit\u00e9 minimale: 25 (imprim\u00e9: 50) [&#8230;]<\/p>\n<p><a class=\"btn btn-secondary understrap-read-more-link\" href=\"https:\/\/promz.be\/fr\/product\/sparta-music-splitter\/\">Lire la suite&#8230;<\/a><\/p>\n","protected":false},"featured_media":9906,"comment_status":"closed","ping_status":"open","template":"","meta":[],"product_cat":[8745],"product_tag":[3512,1294,1060,3513,3514,3515],"_links":{"self":[{"href":"https:\/\/promz.be\/fr\/wp-json\/wp\/v2\/product\/9905"}],"collection":[{"href":"https:\/\/promz.be\/fr\/wp-json\/wp\/v2\/product"}],"about":[{"href":"https:\/\/promz.be\/fr\/wp-json\/wp\/v2\/types\/product"}],"replies":[{"embeddable":true,"href":"https:\/\/promz.be\/fr\/wp-json\/wp\/v2\/comments?post=9905"}],"wp:featuredmedia":[{"embeddable":true,"href":"https:\/\/promz.be\/fr\/wp-json\/wp\/v2\/media\/9906"}],"wp:attachment":[{"href":"https:\/\/promz.be\/fr\/wp-json\/wp\/v2\/media?parent=9905"}],"wp:term":[{"taxonomy":"product_cat","embeddable":true,"href":"https:\/\/promz.be\/fr\/wp-json\/wp\/v2\/product_cat?post=9905"},{"taxonomy":"product_tag","embeddable":true,"href":"https:\/\/promz.be\/fr\/wp-json\/wp\/v2\/product_tag?post=9905"}],"curies":[{"name":"wp","href":"https:\/\/api.w.org\/{rel}","templated":true}]}}