{"id":9911,"date":"2017-07-28T00:00:00","date_gmt":"2016-12-20T00:00:00","guid":{"rendered":"https:\/\/promz.be\/product\/tour-de-cou-boucle-de-securite\/"},"modified":"2016-12-20T00:00:00","modified_gmt":"2016-12-20T00:00:00","slug":"tour-de-cou-boucle-de-securite","status":"publish","type":"product","link":"https:\/\/promz.be\/fr\/product\/tour-de-cou-boucle-de-securite\/","title":{"rendered":"Tour de cou boucle de securite"},"content":{"rendered":"<p>(Prix de d\u00e9part)<br \/>\n&nbsp;<\/p>\n<h3>Description<\/h3>\n<p>Tour de cou. Tour de cou avec boucle de s\u00e9curit\u00e9. Pas de double frais fixe pour un marquage sur les 2 c\u00f4t\u00e9s du tour de cou en cas de logo identique des 2 c\u00f4t\u00e9s. Polyester.<\/p>\n<p>Quantit\u00e9 minimale: 50 (imprim\u00e9: 100)<\/p>\n","protected":false},"excerpt":{"rendered":"<p>(Prix de d\u00e9part)<br \/>\n&nbsp;<\/p>\n<h3>Description<\/h3>\n<p>Tour de cou. Tour de cou avec boucle de s\u00e9curit\u00e9. Pas de double frais fixe pour un marquage sur les 2 c\u00f4t\u00e9s du tour de cou en cas de logo identique des 2 c\u00f4t\u00e9s. Polyester.<\/p>\n<p>Quantit\u00e9 minimale: 50 (imprim\u00e9: 100) [&#8230;]<\/p>\n<p><a class=\"btn btn-secondary understrap-read-more-link\" href=\"https:\/\/promz.be\/fr\/product\/tour-de-cou-boucle-de-securite\/\">Lire la suite&#8230;<\/a><\/p>\n","protected":false},"featured_media":8456,"comment_status":"closed","ping_status":"closed","template":"","meta":[],"product_cat":[948,997],"product_tag":[],"_links":{"self":[{"href":"https:\/\/promz.be\/fr\/wp-json\/wp\/v2\/product\/9911"}],"collection":[{"href":"https:\/\/promz.be\/fr\/wp-json\/wp\/v2\/product"}],"about":[{"href":"https:\/\/promz.be\/fr\/wp-json\/wp\/v2\/types\/product"}],"replies":[{"embeddable":true,"href":"https:\/\/promz.be\/fr\/wp-json\/wp\/v2\/comments?post=9911"}],"wp:featuredmedia":[{"embeddable":true,"href":"https:\/\/promz.be\/fr\/wp-json\/wp\/v2\/media\/8456"}],"wp:attachment":[{"href":"https:\/\/promz.be\/fr\/wp-json\/wp\/v2\/media?parent=9911"}],"wp:term":[{"taxonomy":"product_cat","embeddable":true,"href":"https:\/\/promz.be\/fr\/wp-json\/wp\/v2\/product_cat?post=9911"},{"taxonomy":"product_tag","embeddable":true,"href":"https:\/\/promz.be\/fr\/wp-json\/wp\/v2\/product_tag?post=9911"}],"curies":[{"name":"wp","href":"https:\/\/api.w.org\/{rel}","templated":true}]}}