{"id":9912,"date":"2016-12-22T00:00:00","date_gmt":"2016-12-22T00:00:00","guid":{"rendered":"https:\/\/promz.be\/product\/trolley-avec-coque-rigide\/"},"modified":"2016-12-22T00:00:00","modified_gmt":"2016-12-22T00:00:00","slug":"trolley-avec-coque-rigide","status":"publish","type":"product","link":"https:\/\/promz.be\/fr\/product\/trolley-avec-coque-rigide\/","title":{"rendered":"Trolley avec coque rigide"},"content":{"rendered":"<p>(Prix de d\u00e9part)<br \/>\n&nbsp;<\/p>\n<h3>Description<\/h3>\n<p>Trolley avec coque rigide en ABS \u00e9quip\u00e9 de 4 roues ind\u00e9pendantes et d&#8217;un syst\u00e8me antivol par code.<\/p>\n<p>Quantit\u00e9 minimale: 5 (imprim\u00e9: 10)<\/p>\n","protected":false},"excerpt":{"rendered":"<p>(Prix de d\u00e9part)<br \/>\n&nbsp;<\/p>\n<h3>Description<\/h3>\n<p>Trolley avec coque rigide en ABS \u00e9quip\u00e9 de 4 roues ind\u00e9pendantes et d&#8217;un syst\u00e8me antivol par code.<\/p>\n<p>Quantit\u00e9 minimale: 5 (imprim\u00e9: 10) [&#8230;]<\/p>\n<p><a class=\"btn btn-secondary understrap-read-more-link\" href=\"https:\/\/promz.be\/fr\/product\/trolley-avec-coque-rigide\/\">Lire la suite&#8230;<\/a><\/p>\n","protected":false},"featured_media":8404,"comment_status":"closed","ping_status":"open","template":"","meta":[],"product_cat":[8745],"product_tag":[1294,1060,1898,3526,3527,3528,3529],"_links":{"self":[{"href":"https:\/\/promz.be\/fr\/wp-json\/wp\/v2\/product\/9912"}],"collection":[{"href":"https:\/\/promz.be\/fr\/wp-json\/wp\/v2\/product"}],"about":[{"href":"https:\/\/promz.be\/fr\/wp-json\/wp\/v2\/types\/product"}],"replies":[{"embeddable":true,"href":"https:\/\/promz.be\/fr\/wp-json\/wp\/v2\/comments?post=9912"}],"wp:featuredmedia":[{"embeddable":true,"href":"https:\/\/promz.be\/fr\/wp-json\/wp\/v2\/media\/8404"}],"wp:attachment":[{"href":"https:\/\/promz.be\/fr\/wp-json\/wp\/v2\/media?parent=9912"}],"wp:term":[{"taxonomy":"product_cat","embeddable":true,"href":"https:\/\/promz.be\/fr\/wp-json\/wp\/v2\/product_cat?post=9912"},{"taxonomy":"product_tag","embeddable":true,"href":"https:\/\/promz.be\/fr\/wp-json\/wp\/v2\/product_tag?post=9912"}],"curies":[{"name":"wp","href":"https:\/\/api.w.org\/{rel}","templated":true}]}}