{"id":9919,"date":"2016-12-22T00:00:00","date_gmt":"2016-12-22T00:00:00","guid":{"rendered":"https:\/\/promz.be\/product\/bodywarmer-matelasse-mercer\/"},"modified":"2016-12-22T00:00:00","modified_gmt":"2016-12-22T00:00:00","slug":"bodywarmer-matelasse-mercer","status":"publish","type":"product","link":"https:\/\/promz.be\/fr\/product\/bodywarmer-matelasse-mercer\/","title":{"rendered":"Bodywarmer matelasse Mercer"},"content":{"rendered":"<p>(Prix de d\u00e9part)<br \/>\nDescription<\/p>\n<p>Bodywarmer matelass\u00e9 Mercer. Avec \u00e9lastique \u00e0 la base et aux emmanchures. Boucle dans le col. Poches avec zipper. Couture form\u00e9es et coniques \u00e0 la taille pour ajustement flatteur (femme).Rabat-temp\u00eate int\u00e9rieur avec prot\u00e8ge-menton. 290T tiss\u00e9 100% polyester avec rev\u00eatement et finition imperm\u00e9ables. Rembourrage 100% Polyester.<br \/>\nQuantit\u00e9 minimale: 5 (imprim\u00e9 10)<\/p>\n","protected":false},"excerpt":{"rendered":"<p>(Prix de d\u00e9part)<br \/>\nDescription<\/p>\n<p>Bodywarmer matelass\u00e9 Mercer. Avec \u00e9lastique \u00e0 la base et aux emmanchures. Boucle dans le col. Poches avec zipper. Couture form\u00e9es et coniques \u00e0 la taille pour ajustement flatteur (femme).Rabat-temp\u00eate int\u00e9rieur avec prot\u00e8ge-menton. 290T tiss\u00e9 100% polyester avec rev\u00eatement et finition imperm\u00e9ables. Rembourrage 100% Polyester.<br \/>\nQuantit\u00e9 minimale: 5 (imprim\u00e9 10) [&#8230;]<\/p>\n<p><a class=\"btn btn-secondary understrap-read-more-link\" href=\"https:\/\/promz.be\/fr\/product\/bodywarmer-matelasse-mercer\/\">Lire la suite&#8230;<\/a><\/p>\n","protected":false},"featured_media":8391,"comment_status":"closed","ping_status":"open","template":"","meta":[],"product_cat":[8745],"product_tag":[3540,2519,3541,1059,1065,3542],"_links":{"self":[{"href":"https:\/\/promz.be\/fr\/wp-json\/wp\/v2\/product\/9919"}],"collection":[{"href":"https:\/\/promz.be\/fr\/wp-json\/wp\/v2\/product"}],"about":[{"href":"https:\/\/promz.be\/fr\/wp-json\/wp\/v2\/types\/product"}],"replies":[{"embeddable":true,"href":"https:\/\/promz.be\/fr\/wp-json\/wp\/v2\/comments?post=9919"}],"wp:featuredmedia":[{"embeddable":true,"href":"https:\/\/promz.be\/fr\/wp-json\/wp\/v2\/media\/8391"}],"wp:attachment":[{"href":"https:\/\/promz.be\/fr\/wp-json\/wp\/v2\/media?parent=9919"}],"wp:term":[{"taxonomy":"product_cat","embeddable":true,"href":"https:\/\/promz.be\/fr\/wp-json\/wp\/v2\/product_cat?post=9919"},{"taxonomy":"product_tag","embeddable":true,"href":"https:\/\/promz.be\/fr\/wp-json\/wp\/v2\/product_tag?post=9919"}],"curies":[{"name":"wp","href":"https:\/\/api.w.org\/{rel}","templated":true}]}}