{"id":9920,"date":"2016-12-22T00:00:00","date_gmt":"2016-12-22T00:00:00","guid":{"rendered":"https:\/\/promz.be\/product\/boite-a-the-tremont\/"},"modified":"2016-12-22T00:00:00","modified_gmt":"2016-12-22T00:00:00","slug":"boite-a-the-tremont","status":"publish","type":"product","link":"https:\/\/promz.be\/fr\/product\/boite-a-the-tremont\/","title":{"rendered":"Boite a the Tremont"},"content":{"rendered":"<p>(Prix de d\u00e9part)<br \/>\nDescription<\/p>\n<p>Bo\u00eete \u00e0 th\u00e9 Tremont. Bo\u00eete \u00e0 th\u00e9 en bois haut de gamme avec couvercle basculant. Des tampons anti-rayure sont coll\u00e9s sur le fond de la bo\u00eete de th\u00e9. La bo\u00eete de th\u00e9 se compose de 6 compartiments pour stocker et conserver vos m\u00e9langes de sachets de th\u00e9 pr\u00e9f\u00e9r\u00e9s. Avec plaque logo en m\u00e9tal. Pr\u00e9sentation dans un coffret cadeau Seasons. Design exclusif. Bois. 22,5 x 18 x 7 cm &#8211; 880 gr.<br \/>\nQuantit\u00e9 minimale: 5 (imprim\u00e9 10)<\/p>\n","protected":false},"excerpt":{"rendered":"<p>(Prix de d\u00e9part)<br \/>\nDescription<\/p>\n<p>Bo\u00eete \u00e0 th\u00e9 Tremont. Bo\u00eete \u00e0 th\u00e9 en bois haut de gamme avec couvercle basculant. Des tampons anti-rayure sont coll\u00e9s sur le fond de la bo\u00eete de th\u00e9. La bo\u00eete de th\u00e9 se compose de 6 compartiments pour stocker et conserver vos m\u00e9langes de sachets de th\u00e9 pr\u00e9f\u00e9r\u00e9s. Avec plaque logo en m\u00e9tal. Pr\u00e9sentation dans un coffret cadeau Seasons. Design exclusif. Bois. 22,5 x 18 x 7 cm &#8211; 880 gr.<br \/>\nQuantit\u00e9 minimale: 5 (imprim\u00e9 10) [&#8230;]<\/p>\n<p><a class=\"btn btn-secondary understrap-read-more-link\" href=\"https:\/\/promz.be\/fr\/product\/boite-a-the-tremont\/\">Lire la suite&#8230;<\/a><\/p>\n","protected":false},"featured_media":8036,"comment_status":"closed","ping_status":"open","template":"","meta":[],"product_cat":[8745],"product_tag":[3540,3544,1059,1065,3545],"_links":{"self":[{"href":"https:\/\/promz.be\/fr\/wp-json\/wp\/v2\/product\/9920"}],"collection":[{"href":"https:\/\/promz.be\/fr\/wp-json\/wp\/v2\/product"}],"about":[{"href":"https:\/\/promz.be\/fr\/wp-json\/wp\/v2\/types\/product"}],"replies":[{"embeddable":true,"href":"https:\/\/promz.be\/fr\/wp-json\/wp\/v2\/comments?post=9920"}],"wp:featuredmedia":[{"embeddable":true,"href":"https:\/\/promz.be\/fr\/wp-json\/wp\/v2\/media\/8036"}],"wp:attachment":[{"href":"https:\/\/promz.be\/fr\/wp-json\/wp\/v2\/media?parent=9920"}],"wp:term":[{"taxonomy":"product_cat","embeddable":true,"href":"https:\/\/promz.be\/fr\/wp-json\/wp\/v2\/product_cat?post=9920"},{"taxonomy":"product_tag","embeddable":true,"href":"https:\/\/promz.be\/fr\/wp-json\/wp\/v2\/product_tag?post=9920"}],"curies":[{"name":"wp","href":"https:\/\/api.w.org\/{rel}","templated":true}]}}