{"id":9922,"date":"2017-10-05T00:00:00","date_gmt":"2016-12-22T00:00:00","guid":{"rendered":"https:\/\/promz.be\/product\/veste-action\/"},"modified":"2016-12-22T00:00:00","modified_gmt":"2016-12-22T00:00:00","slug":"veste-action","status":"publish","type":"product","link":"https:\/\/promz.be\/fr\/product\/veste-action\/","title":{"rendered":"Veste Action"},"content":{"rendered":"<p>(Prix de d\u00e9part)<br \/>\nDescription<\/p>\n<p>Capuche repliable dans le col avec cordon de serrage. Poignets \u00e9lastiqu\u00e9s. Cordon de serrage en bas avec stoppers. Impression Slazenger sur la face arri\u00e8re. Tissu 100% polyester avec rev\u00eatement laiteux AC.<br \/>\nQuantit\u00e9 minimale: 5 (imprim\u00e9 10)<\/p>\n","protected":false},"excerpt":{"rendered":"<p>(Prix de d\u00e9part)<br \/>\nDescription<\/p>\n<p>Capuche repliable dans le col avec cordon de serrage. Poignets \u00e9lastiqu\u00e9s. Cordon de serrage en bas avec stoppers. Impression Slazenger sur la face arri\u00e8re. Tissu 100% polyester avec rev\u00eatement laiteux AC.<br \/>\nQuantit\u00e9 minimale: 5 (imprim\u00e9 10) [&#8230;]<\/p>\n<p><a class=\"btn btn-secondary understrap-read-more-link\" href=\"https:\/\/promz.be\/fr\/product\/veste-action\/\">Lire la suite&#8230;<\/a><\/p>\n","protected":false},"featured_media":9270,"comment_status":"closed","ping_status":"open","template":"","meta":[],"product_cat":[955],"product_tag":[],"_links":{"self":[{"href":"https:\/\/promz.be\/fr\/wp-json\/wp\/v2\/product\/9922"}],"collection":[{"href":"https:\/\/promz.be\/fr\/wp-json\/wp\/v2\/product"}],"about":[{"href":"https:\/\/promz.be\/fr\/wp-json\/wp\/v2\/types\/product"}],"replies":[{"embeddable":true,"href":"https:\/\/promz.be\/fr\/wp-json\/wp\/v2\/comments?post=9922"}],"wp:featuredmedia":[{"embeddable":true,"href":"https:\/\/promz.be\/fr\/wp-json\/wp\/v2\/media\/9270"}],"wp:attachment":[{"href":"https:\/\/promz.be\/fr\/wp-json\/wp\/v2\/media?parent=9922"}],"wp:term":[{"taxonomy":"product_cat","embeddable":true,"href":"https:\/\/promz.be\/fr\/wp-json\/wp\/v2\/product_cat?post=9922"},{"taxonomy":"product_tag","embeddable":true,"href":"https:\/\/promz.be\/fr\/wp-json\/wp\/v2\/product_tag?post=9922"}],"curies":[{"name":"wp","href":"https:\/\/api.w.org\/{rel}","templated":true}]}}