{"id":9925,"date":"2016-12-21T00:00:00","date_gmt":"2016-12-21T00:00:00","guid":{"rendered":"https:\/\/promz.be\/product\/cartes-a-jouer-dans-boite\/"},"modified":"2016-12-21T00:00:00","modified_gmt":"2016-12-21T00:00:00","slug":"cartes-a-jouer-dans-boite","status":"publish","type":"product","link":"https:\/\/promz.be\/fr\/product\/cartes-a-jouer-dans-boite\/","title":{"rendered":"Cartes a jouer dans boite"},"content":{"rendered":"<p>(Prix de d\u00e9part)<br \/>\nDescription<\/p>\n<p>Cartes \u00e0 jouer. Papier plastifi\u00e9. Dans bo\u00eete plastique. 100 x 70 x 20 mm<br \/>\nQuanit\u00e9 minimale: 125 (imprim\u00e9 250)<\/p>\n","protected":false},"excerpt":{"rendered":"<p>(Prix de d\u00e9part)<br \/>\nDescription<\/p>\n<p>Cartes \u00e0 jouer. Papier plastifi\u00e9. Dans bo\u00eete plastique. 100 x 70 x 20 mm<br \/>\nQuanit\u00e9 minimale: 125 (imprim\u00e9 250) [&#8230;]<\/p>\n<p><a class=\"btn btn-secondary understrap-read-more-link\" href=\"https:\/\/promz.be\/fr\/product\/cartes-a-jouer-dans-boite\/\">Lire la suite&#8230;<\/a><\/p>\n","protected":false},"featured_media":9024,"comment_status":"closed","ping_status":"open","template":"","meta":[],"product_cat":[8745],"product_tag":[3554,3555,1059,1065],"_links":{"self":[{"href":"https:\/\/promz.be\/fr\/wp-json\/wp\/v2\/product\/9925"}],"collection":[{"href":"https:\/\/promz.be\/fr\/wp-json\/wp\/v2\/product"}],"about":[{"href":"https:\/\/promz.be\/fr\/wp-json\/wp\/v2\/types\/product"}],"replies":[{"embeddable":true,"href":"https:\/\/promz.be\/fr\/wp-json\/wp\/v2\/comments?post=9925"}],"wp:featuredmedia":[{"embeddable":true,"href":"https:\/\/promz.be\/fr\/wp-json\/wp\/v2\/media\/9024"}],"wp:attachment":[{"href":"https:\/\/promz.be\/fr\/wp-json\/wp\/v2\/media?parent=9925"}],"wp:term":[{"taxonomy":"product_cat","embeddable":true,"href":"https:\/\/promz.be\/fr\/wp-json\/wp\/v2\/product_cat?post=9925"},{"taxonomy":"product_tag","embeddable":true,"href":"https:\/\/promz.be\/fr\/wp-json\/wp\/v2\/product_tag?post=9925"}],"curies":[{"name":"wp","href":"https:\/\/api.w.org\/{rel}","templated":true}]}}