{"id":9927,"date":"2018-03-01T00:00:00","date_gmt":"2018-03-01T00:00:00","guid":{"rendered":"https:\/\/promz.be\/product\/iata-cabin-size-trolley\/"},"modified":"2018-07-18T08:36:52","modified_gmt":"2018-07-18T08:36:52","slug":"iata-cabin-size-trolley","status":"publish","type":"product","link":"https:\/\/promz.be\/fr\/product\/iata-cabin-size-trolley\/","title":{"rendered":"IATA cabin size trolley"},"content":{"rendered":"<p>(Prix de d\u00e9part)<br \/>\nDescription<\/p>\n<p>Ce trolley approuv\u00e9 IATA est adapt\u00e9 pour handluggage sur toutes les compagnies a\u00e9riennes. Ces compagnies a\u00e9riennes \u00e9galement Easyjet en Ryanair. (2016) L&#8217;int\u00e9rieur du chariot a un design \u00e9l\u00e9gant et des compartiments s\u00e9par\u00e9s. Il dispose d&#8217;un design unique, des bandes horizontales. Les quatre roues molles 360 degr\u00e9s durables sont roues silencieuses sp\u00e9ciales. Les roues souples r\u00e9duisent le bruit.<br \/>\nQuantit\u00e9 minimale: 25 (imprim\u00e9 50)<\/p>\n","protected":false},"excerpt":{"rendered":"<p>(Prix de d\u00e9part)<br \/>\nDescription<\/p>\n<p>Ce trolley approuv\u00e9 IATA est adapt\u00e9 pour handluggage sur toutes les compagnies a\u00e9riennes. Ces compagnies a\u00e9riennes \u00e9galement Easyjet en Ryanair. (2016) L&#8217;int\u00e9rieur du chariot a un design \u00e9l\u00e9gant et des compartiments s\u00e9par\u00e9s. Il dispose d&#8217;un design unique, des bandes horizontales. Les quatre roues molles 360 degr\u00e9s durables sont roues silencieuses sp\u00e9ciales. Les roues souples r\u00e9duisent le bruit.<br \/>\nQuantit\u00e9 minimale: 25 (imprim\u00e9 50) [&#8230;]<\/p>\n<p><a class=\"btn btn-secondary understrap-read-more-link\" href=\"https:\/\/promz.be\/fr\/product\/iata-cabin-size-trolley\/\">Lire la suite&#8230;<\/a><\/p>\n","protected":false},"featured_media":8409,"comment_status":"closed","ping_status":"open","template":"","meta":[],"product_cat":[1014,954],"product_tag":[1059,1065,1898,3558],"_links":{"self":[{"href":"https:\/\/promz.be\/fr\/wp-json\/wp\/v2\/product\/9927"}],"collection":[{"href":"https:\/\/promz.be\/fr\/wp-json\/wp\/v2\/product"}],"about":[{"href":"https:\/\/promz.be\/fr\/wp-json\/wp\/v2\/types\/product"}],"replies":[{"embeddable":true,"href":"https:\/\/promz.be\/fr\/wp-json\/wp\/v2\/comments?post=9927"}],"wp:featuredmedia":[{"embeddable":true,"href":"https:\/\/promz.be\/fr\/wp-json\/wp\/v2\/media\/8409"}],"wp:attachment":[{"href":"https:\/\/promz.be\/fr\/wp-json\/wp\/v2\/media?parent=9927"}],"wp:term":[{"taxonomy":"product_cat","embeddable":true,"href":"https:\/\/promz.be\/fr\/wp-json\/wp\/v2\/product_cat?post=9927"},{"taxonomy":"product_tag","embeddable":true,"href":"https:\/\/promz.be\/fr\/wp-json\/wp\/v2\/product_tag?post=9927"}],"curies":[{"name":"wp","href":"https:\/\/api.w.org\/{rel}","templated":true}]}}