{"id":9929,"date":"2016-12-22T00:00:00","date_gmt":"2016-12-22T00:00:00","guid":{"rendered":"https:\/\/promz.be\/product\/sweater-capuche-alley\/"},"modified":"2016-12-22T00:00:00","modified_gmt":"2016-12-22T00:00:00","slug":"sweater-capuche-alley","status":"publish","type":"product","link":"https:\/\/promz.be\/fr\/product\/sweater-capuche-alley\/","title":{"rendered":"Sweater capuche Alley"},"content":{"rendered":"<p>(Prix de d\u00e9part)<br \/>\nDescription<\/p>\n<p>Hommes et femmes avec cordon de serrage \u00e0 la capuche. Poignets et bas c\u00f4te 1&#215;1.Poche kangourou. Demi-lune. Bande de propret\u00e9 deux couleurs. \u00c9tiquette drapeau \u00e0 la couture lat\u00e9rale. French Terry 50% coton et 50% polyester. 285 g\/m\u00b2.<br \/>\nQuantit\u00e9 minimale: 5 (imprim\u00e9 10)<\/p>\n","protected":false},"excerpt":{"rendered":"<p>(Prix de d\u00e9part)<br \/>\nDescription<\/p>\n<p>Hommes et femmes avec cordon de serrage \u00e0 la capuche. Poignets et bas c\u00f4te 1&#215;1.Poche kangourou. Demi-lune. Bande de propret\u00e9 deux couleurs. \u00c9tiquette drapeau \u00e0 la couture lat\u00e9rale. French Terry 50% coton et 50% polyester. 285 g\/m\u00b2.<br \/>\nQuantit\u00e9 minimale: 5 (imprim\u00e9 10) [&#8230;]<\/p>\n<p><a class=\"btn btn-secondary understrap-read-more-link\" href=\"https:\/\/promz.be\/fr\/product\/sweater-capuche-alley\/\">Lire la suite&#8230;<\/a><\/p>\n","protected":false},"featured_media":9233,"comment_status":"closed","ping_status":"open","template":"","meta":[],"product_cat":[8745],"product_tag":[1059,1065,1485,3562],"_links":{"self":[{"href":"https:\/\/promz.be\/fr\/wp-json\/wp\/v2\/product\/9929"}],"collection":[{"href":"https:\/\/promz.be\/fr\/wp-json\/wp\/v2\/product"}],"about":[{"href":"https:\/\/promz.be\/fr\/wp-json\/wp\/v2\/types\/product"}],"replies":[{"embeddable":true,"href":"https:\/\/promz.be\/fr\/wp-json\/wp\/v2\/comments?post=9929"}],"wp:featuredmedia":[{"embeddable":true,"href":"https:\/\/promz.be\/fr\/wp-json\/wp\/v2\/media\/9233"}],"wp:attachment":[{"href":"https:\/\/promz.be\/fr\/wp-json\/wp\/v2\/media?parent=9929"}],"wp:term":[{"taxonomy":"product_cat","embeddable":true,"href":"https:\/\/promz.be\/fr\/wp-json\/wp\/v2\/product_cat?post=9929"},{"taxonomy":"product_tag","embeddable":true,"href":"https:\/\/promz.be\/fr\/wp-json\/wp\/v2\/product_tag?post=9929"}],"curies":[{"name":"wp","href":"https:\/\/api.w.org\/{rel}","templated":true}]}}