{"id":9930,"date":"2016-12-22T00:00:00","date_gmt":"2016-12-22T00:00:00","guid":{"rendered":"https:\/\/promz.be\/product\/housse-refroidisseuse-de-vin\/"},"modified":"2016-12-22T00:00:00","modified_gmt":"2016-12-22T00:00:00","slug":"housse-refroidisseuse-de-vin","status":"publish","type":"product","link":"https:\/\/promz.be\/fr\/product\/housse-refroidisseuse-de-vin\/","title":{"rendered":"Housse refroidisseuse de vin"},"content":{"rendered":"<p>(Prix de d\u00e9part)<br \/>\nDescription<\/p>\n<p>Housse refroidisseuse de vin Noron. Un moyen facile de servir les vins frais. Placez le gel interne dans le cong\u00e9lateur, lorsque vous \u00eates pr\u00eat remettez-le dans la housse et placez votre bouteille de vin \u00e0 l&#8217;int\u00e9rieur. Comme la housse est pliable, vous pouvez facilement l&#8217;emmener avec vous pour pique-nique ou la ranger dans encombre. Pr\u00e9sentation dans un coffret cadeau Paul Bocuse. Design exclusif. Polyester 600D et PVC. \u00d8 10 x 23 cm.<br \/>\nQuantit\u00e9 minimale: 25 (imprim\u00e9 50)<\/p>\n","protected":false},"excerpt":{"rendered":"<p>(Prix de d\u00e9part)<br \/>\nDescription<\/p>\n<p>Housse refroidisseuse de vin Noron. Un moyen facile de servir les vins frais. Placez le gel interne dans le cong\u00e9lateur, lorsque vous \u00eates pr\u00eat remettez-le dans la housse et placez votre bouteille de vin \u00e0 l&#8217;int\u00e9rieur. Comme la housse est pliable, vous pouvez facilement l&#8217;emmener avec vous pour pique-nique ou la ranger dans encombre. Pr\u00e9sentation dans un coffret cadeau Paul Bocuse. Design exclusif. Polyester 600D et PVC. \u00d8 10 x 23 cm.<br \/>\nQuantit\u00e9 minimale: 25 (imprim\u00e9 50) [&#8230;]<\/p>\n<p><a class=\"btn btn-secondary understrap-read-more-link\" href=\"https:\/\/promz.be\/fr\/product\/housse-refroidisseuse-de-vin\/\">Lire la suite&#8230;<\/a><\/p>\n","protected":false},"featured_media":9485,"comment_status":"closed","ping_status":"open","template":"","meta":[],"product_cat":[8745],"product_tag":[3540,1059,1065],"_links":{"self":[{"href":"https:\/\/promz.be\/fr\/wp-json\/wp\/v2\/product\/9930"}],"collection":[{"href":"https:\/\/promz.be\/fr\/wp-json\/wp\/v2\/product"}],"about":[{"href":"https:\/\/promz.be\/fr\/wp-json\/wp\/v2\/types\/product"}],"replies":[{"embeddable":true,"href":"https:\/\/promz.be\/fr\/wp-json\/wp\/v2\/comments?post=9930"}],"wp:featuredmedia":[{"embeddable":true,"href":"https:\/\/promz.be\/fr\/wp-json\/wp\/v2\/media\/9485"}],"wp:attachment":[{"href":"https:\/\/promz.be\/fr\/wp-json\/wp\/v2\/media?parent=9930"}],"wp:term":[{"taxonomy":"product_cat","embeddable":true,"href":"https:\/\/promz.be\/fr\/wp-json\/wp\/v2\/product_cat?post=9930"},{"taxonomy":"product_tag","embeddable":true,"href":"https:\/\/promz.be\/fr\/wp-json\/wp\/v2\/product_tag?post=9930"}],"curies":[{"name":"wp","href":"https:\/\/api.w.org\/{rel}","templated":true}]}}