{"id":9933,"date":"2016-12-22T00:00:00","date_gmt":"2016-12-22T00:00:00","guid":{"rendered":"https:\/\/promz.be\/product\/plateau-de-fromages-jamie-oliver\/"},"modified":"2016-12-22T00:00:00","modified_gmt":"2016-12-22T00:00:00","slug":"plateau-de-fromages-jamie-oliver","status":"publish","type":"product","link":"https:\/\/promz.be\/fr\/product\/plateau-de-fromages-jamie-oliver\/","title":{"rendered":"Plateau de fromages Jamie Oliver"},"content":{"rendered":"<p>(Prix de d\u00e9part)<br \/>\nDescription<\/p>\n<p>Plateau de fromages. Une excellente fa\u00e7on de servir votre fromage. Ce plateau de fromages attirera tous les regards sur une table ou un plan de travail. Fourni avec cinq marqueurs de fromage en c\u00e9ramique pour vous assurer de ne jamais m\u00e9langer vos fromages. C\u00e9ramique. 24 x 23 cm &#8211; 857 gr.<br \/>\nQuantit\u00e9 minimale: 5 (imprim\u00e9 10)<\/p>\n","protected":false},"excerpt":{"rendered":"<p>(Prix de d\u00e9part)<br \/>\nDescription<\/p>\n<p>Plateau de fromages. Une excellente fa\u00e7on de servir votre fromage. Ce plateau de fromages attirera tous les regards sur une table ou un plan de travail. Fourni avec cinq marqueurs de fromage en c\u00e9ramique pour vous assurer de ne jamais m\u00e9langer vos fromages. C\u00e9ramique. 24 x 23 cm &#8211; 857 gr.<br \/>\nQuantit\u00e9 minimale: 5 (imprim\u00e9 10) [&#8230;]<\/p>\n<p><a class=\"btn btn-secondary understrap-read-more-link\" href=\"https:\/\/promz.be\/fr\/product\/plateau-de-fromages-jamie-oliver\/\">Lire la suite&#8230;<\/a><\/p>\n","protected":false},"featured_media":8033,"comment_status":"closed","ping_status":"open","template":"","meta":[],"product_cat":[8745,988],"product_tag":[3540,2250,1059,3568,3569,1065],"_links":{"self":[{"href":"https:\/\/promz.be\/fr\/wp-json\/wp\/v2\/product\/9933"}],"collection":[{"href":"https:\/\/promz.be\/fr\/wp-json\/wp\/v2\/product"}],"about":[{"href":"https:\/\/promz.be\/fr\/wp-json\/wp\/v2\/types\/product"}],"replies":[{"embeddable":true,"href":"https:\/\/promz.be\/fr\/wp-json\/wp\/v2\/comments?post=9933"}],"wp:featuredmedia":[{"embeddable":true,"href":"https:\/\/promz.be\/fr\/wp-json\/wp\/v2\/media\/8033"}],"wp:attachment":[{"href":"https:\/\/promz.be\/fr\/wp-json\/wp\/v2\/media?parent=9933"}],"wp:term":[{"taxonomy":"product_cat","embeddable":true,"href":"https:\/\/promz.be\/fr\/wp-json\/wp\/v2\/product_cat?post=9933"},{"taxonomy":"product_tag","embeddable":true,"href":"https:\/\/promz.be\/fr\/wp-json\/wp\/v2\/product_tag?post=9933"}],"curies":[{"name":"wp","href":"https:\/\/api.w.org\/{rel}","templated":true}]}}