{"id":9934,"date":"2016-12-22T00:00:00","date_gmt":"2016-12-22T00:00:00","guid":{"rendered":"https:\/\/promz.be\/product\/polo-manches-courtes-advantage\/"},"modified":"2016-12-22T00:00:00","modified_gmt":"2016-12-22T00:00:00","slug":"polo-manches-courtes-advantage","status":"publish","type":"product","link":"https:\/\/promz.be\/fr\/product\/polo-manches-courtes-advantage\/","title":{"rendered":"Polo manches courtes Advantage"},"content":{"rendered":"<p>(Prix de d\u00e9part)<br \/>\nDescription<\/p>\n<p>Polo manches courtes Advantage. Coupe ajust\u00e9e.Col tricot plat c\u00f4te 1&#215;1.Boutons grav\u00e9s.Bande de propret\u00e9 deux couleurs.Impression Slazenger sur la face arri\u00e8re. Piqu\u00e9 100% coton. 160 g\/m\u00b2.<br \/>\nQuantit\u00e9 minimale: 13 (imprim\u00e9 25)<\/p>\n","protected":false},"excerpt":{"rendered":"<p>(Prix de d\u00e9part)<br \/>\nDescription<\/p>\n<p>Polo manches courtes Advantage. Coupe ajust\u00e9e.Col tricot plat c\u00f4te 1&#215;1.Boutons grav\u00e9s.Bande de propret\u00e9 deux couleurs.Impression Slazenger sur la face arri\u00e8re. Piqu\u00e9 100% coton. 160 g\/m\u00b2.<br \/>\nQuantit\u00e9 minimale: 13 (imprim\u00e9 25) [&#8230;]<\/p>\n<p><a class=\"btn btn-secondary understrap-read-more-link\" href=\"https:\/\/promz.be\/fr\/product\/polo-manches-courtes-advantage\/\">Lire la suite&#8230;<\/a><\/p>\n","protected":false},"featured_media":9262,"comment_status":"closed","ping_status":"open","template":"","meta":[],"product_cat":[8745,1012],"product_tag":[1059,2084,3570,1065,3571,1737],"_links":{"self":[{"href":"https:\/\/promz.be\/fr\/wp-json\/wp\/v2\/product\/9934"}],"collection":[{"href":"https:\/\/promz.be\/fr\/wp-json\/wp\/v2\/product"}],"about":[{"href":"https:\/\/promz.be\/fr\/wp-json\/wp\/v2\/types\/product"}],"replies":[{"embeddable":true,"href":"https:\/\/promz.be\/fr\/wp-json\/wp\/v2\/comments?post=9934"}],"wp:featuredmedia":[{"embeddable":true,"href":"https:\/\/promz.be\/fr\/wp-json\/wp\/v2\/media\/9262"}],"wp:attachment":[{"href":"https:\/\/promz.be\/fr\/wp-json\/wp\/v2\/media?parent=9934"}],"wp:term":[{"taxonomy":"product_cat","embeddable":true,"href":"https:\/\/promz.be\/fr\/wp-json\/wp\/v2\/product_cat?post=9934"},{"taxonomy":"product_tag","embeddable":true,"href":"https:\/\/promz.be\/fr\/wp-json\/wp\/v2\/product_tag?post=9934"}],"curies":[{"name":"wp","href":"https:\/\/api.w.org\/{rel}","templated":true}]}}