{"id":9935,"date":"2016-12-20T00:00:00","date_gmt":"2016-12-20T00:00:00","guid":{"rendered":"https:\/\/promz.be\/product\/poncho-promo\/"},"modified":"2016-12-20T00:00:00","modified_gmt":"2016-12-20T00:00:00","slug":"poncho-promo","status":"publish","type":"product","link":"https:\/\/promz.be\/fr\/product\/poncho-promo\/","title":{"rendered":"Poncho Promo"},"content":{"rendered":"<p>(Prix de d\u00e9part)<br \/>\nDescription<\/p>\n<p>Poncho. Poncho taille unique dans un \u00e9tui compact avec fixation pour porte-cl\u00e9s. Peut \u00eatre facilement rang\u00e9 dans une poche ou dans un sac. Il vous prot\u00e9gera efficacement \u00e0 l&#8217;occasion de concerts ou match en ext\u00e8rieur. Diam\u00e8tre du contenant : 6 cms.<br \/>\nQuantit\u00e9 minimale: 50 (imprim\u00e9 100)<\/p>\n","protected":false},"excerpt":{"rendered":"<p>(Prix de d\u00e9part)<br \/>\nDescription<\/p>\n<p>Poncho. Poncho taille unique dans un \u00e9tui compact avec fixation pour porte-cl\u00e9s. Peut \u00eatre facilement rang\u00e9 dans une poche ou dans un sac. Il vous prot\u00e9gera efficacement \u00e0 l&#8217;occasion de concerts ou match en ext\u00e8rieur. Diam\u00e8tre du contenant : 6 cms.<br \/>\nQuantit\u00e9 minimale: 50 (imprim\u00e9 100) [&#8230;]<\/p>\n<p><a class=\"btn btn-secondary understrap-read-more-link\" href=\"https:\/\/promz.be\/fr\/product\/poncho-promo\/\">Lire la suite&#8230;<\/a><\/p>\n","protected":false},"featured_media":8592,"comment_status":"closed","ping_status":"open","template":"","meta":[],"product_cat":[8745],"product_tag":[1150,1059,2608,1065],"_links":{"self":[{"href":"https:\/\/promz.be\/fr\/wp-json\/wp\/v2\/product\/9935"}],"collection":[{"href":"https:\/\/promz.be\/fr\/wp-json\/wp\/v2\/product"}],"about":[{"href":"https:\/\/promz.be\/fr\/wp-json\/wp\/v2\/types\/product"}],"replies":[{"embeddable":true,"href":"https:\/\/promz.be\/fr\/wp-json\/wp\/v2\/comments?post=9935"}],"wp:featuredmedia":[{"embeddable":true,"href":"https:\/\/promz.be\/fr\/wp-json\/wp\/v2\/media\/8592"}],"wp:attachment":[{"href":"https:\/\/promz.be\/fr\/wp-json\/wp\/v2\/media?parent=9935"}],"wp:term":[{"taxonomy":"product_cat","embeddable":true,"href":"https:\/\/promz.be\/fr\/wp-json\/wp\/v2\/product_cat?post=9935"},{"taxonomy":"product_tag","embeddable":true,"href":"https:\/\/promz.be\/fr\/wp-json\/wp\/v2\/product_tag?post=9935"}],"curies":[{"name":"wp","href":"https:\/\/api.w.org\/{rel}","templated":true}]}}